{"id":5086,"date":"2025-12-08T15:06:38","date_gmt":"2025-12-08T15:06:38","guid":{"rendered":"https:\/\/www.hotelgranodeoro.com\/our-social-impact\/"},"modified":"2026-04-09T21:07:17","modified_gmt":"2026-04-09T21:07:17","slug":"our-social-impact","status":"publish","type":"page","link":"https:\/\/www.hotelgranodeoro.com\/es\/our-social-impact\/","title":{"rendered":"Nuestro impacto social"},"content":{"rendered":"\t\t<div data-elementor-type=\"wp-page\" data-elementor-id=\"5086\" class=\"elementor elementor-5086\">\n\t\t\t\t<div class=\"elementor-element elementor-element-e11396b e-con-full e-flex wpr-column-slider-no wpr-equal-height-no e-con e-parent\" data-id=\"e11396b\" data-element_type=\"container\" data-e-type=\"container\" data-settings=\"{&quot;background_background&quot;:&quot;classic&quot;}\">\n\t\t\t\t<div class=\"elementor-element elementor-element-3d7fc14 elementor-widget elementor-widget-spacer\" data-id=\"3d7fc14\" data-element_type=\"widget\" data-e-type=\"widget\" data-widget_type=\"spacer.default\">\n\t\t\t\t<div class=\"elementor-widget-container\">\n\t\t\t\t\t\t\t<div class=\"elementor-spacer\">\n\t\t\t<div class=\"elementor-spacer-inner\"><\/div>\n\t\t<\/div>\n\t\t\t\t\t\t<\/div>\n\t\t\t\t<\/div>\n\t\t\t\t<\/div>\n\t\t<div class=\"elementor-element elementor-element-b486f4c animated-slow e-flex e-con-boxed wpr-column-slider-no wpr-equal-height-no elementor-invisible e-con e-parent\" data-id=\"b486f4c\" data-element_type=\"container\" data-e-type=\"container\" data-settings=\"{&quot;animation&quot;:&quot;fadeIn&quot;,&quot;animation_mobile&quot;:&quot;none&quot;}\">\n\t\t\t\t\t<div class=\"e-con-inner\">\n\t\t\t\t<div class=\"elementor-element elementor-element-413c717 elementor-widget elementor-widget-image\" data-id=\"413c717\" data-element_type=\"widget\" data-e-type=\"widget\" data-widget_type=\"image.default\">\n\t\t\t\t<div class=\"elementor-widget-container\">\n\t\t\t\t\t\t\t\t\t\t\t\t\t\t\t<img decoding=\"async\" width=\"100\" height=\"100\" src=\"https:\/\/www.hotelgranodeoro.com\/wp-content\/uploads\/2025\/04\/icon-logo-deco.png\" class=\"attachment-full size-full wp-image-1864\" alt=\"\" \/>\t\t\t\t\t\t\t\t\t\t\t\t\t\t\t<\/div>\n\t\t\t\t<\/div>\n\t\t\t\t<div class=\"elementor-element elementor-element-7d9605d elementor-widget elementor-widget-heading\" data-id=\"7d9605d\" data-element_type=\"widget\" data-e-type=\"widget\" data-settings=\"{&quot;_animation&quot;:&quot;none&quot;}\" data-widget_type=\"heading.default\">\n\t\t\t\t<div class=\"elementor-widget-container\">\n\t\t\t\t\t<h2 class=\"elementor-heading-title elementor-size-default\">Nuestro impacto social<\/h2>\t\t\t\t<\/div>\n\t\t\t\t<\/div>\n\t\t\t\t<div class=\"elementor-element elementor-element-f9a04ad animated-slow elementor-widget-divider--view-line elementor-widget elementor-widget-divider\" data-id=\"f9a04ad\" data-element_type=\"widget\" data-e-type=\"widget\" data-settings=\"{&quot;_animation&quot;:&quot;none&quot;}\" data-widget_type=\"divider.default\">\n\t\t\t\t<div class=\"elementor-widget-container\">\n\t\t\t\t\t\t\t<div class=\"elementor-divider\">\n\t\t\t<span class=\"elementor-divider-separator\">\n\t\t\t\t\t\t<\/span>\n\t\t<\/div>\n\t\t\t\t\t\t<\/div>\n\t\t\t\t<\/div>\n\t\t\t\t\t<\/div>\n\t\t\t\t<\/div>\n\t\t<div class=\"elementor-element elementor-element-2b62eb7 animated-slow e-flex e-con-boxed wpr-column-slider-no wpr-equal-height-no elementor-invisible e-con e-parent\" data-id=\"2b62eb7\" data-element_type=\"container\" data-e-type=\"container\" data-settings=\"{&quot;background_background&quot;:&quot;classic&quot;,&quot;animation&quot;:&quot;fadeIn&quot;,&quot;animation_mobile&quot;:&quot;none&quot;}\">\n\t\t\t\t\t<div class=\"e-con-inner\">\n\t\t\t\t<div class=\"elementor-element elementor-element-a95fc08 animated-slow elementor-widget elementor-widget-text-editor\" data-id=\"a95fc08\" data-element_type=\"widget\" data-e-type=\"widget\" data-settings=\"{&quot;_animation&quot;:&quot;none&quot;}\" data-widget_type=\"text-editor.default\">\n\t\t\t\t<div class=\"elementor-widget-container\">\n\t\t\t\t\t\t\t\t\tEn el Hotel Grano de Oro, creemos que una estancia puede ser mucho m\u00e1s que memorable; puede generar un impacto real. M\u00e1s all\u00e1 del confort y el lujo, est\u00e1 nuestra iniciativa m\u00e1s significativa: Casa Luz, un faro de esperanza para madres j\u00f3venes y sus hijos que buscan salir adelante tras situaciones de abuso, pobreza y vulnerabilidad.\n\t\t\t\t\t\t\t\t<\/div>\n\t\t\t\t<\/div>\n\t\t<div class=\"elementor-element elementor-element-86143d7 e-con-full e-flex wpr-column-slider-no wpr-equal-height-no e-con e-child\" data-id=\"86143d7\" data-element_type=\"container\" data-e-type=\"container\">\n\t\t<div class=\"elementor-element elementor-element-d5c75fc e-con-full e-flex wpr-column-slider-no wpr-equal-height-no e-con e-child\" data-id=\"d5c75fc\" data-element_type=\"container\" data-e-type=\"container\">\n\t\t\t\t<div class=\"elementor-element elementor-element-f777e64 animated-slow elementor-widget elementor-widget-text-editor\" data-id=\"f777e64\" data-element_type=\"widget\" data-e-type=\"widget\" data-settings=\"{&quot;_animation&quot;:&quot;none&quot;}\" data-widget_type=\"text-editor.default\">\n\t\t\t\t<div class=\"elementor-widget-container\">\n\t\t\t\t\t\t\t\t\t<p>&#8211; <span style=\"color: #573312;\"><strong>Transformando vidas, una estancia a la vez<\/strong><\/span><\/p><p>Cada visita al Hotel Grano de Oro contribuye directamente a Casa Luz, permiti\u00e9ndonos ofrecer un espacio seguro para la sanaci\u00f3n, el crecimiento y nuevos comienzos. Fundada en 2003 por los propietarios del hotel, Casa Luz es mucho m\u00e1s que un refugio: es un hogar donde el cuidado y el acompa\u00f1amiento ayudan a reconstruir vidas y abrir nuevas oportunidades.<\/p>\t\t\t\t\t\t\t\t<\/div>\n\t\t\t\t<\/div>\n\t\t\t\t<div class=\"elementor-element elementor-element-59aaa0e animated-slow elementor-widget-divider--view-line elementor-widget elementor-widget-divider\" data-id=\"59aaa0e\" data-element_type=\"widget\" data-e-type=\"widget\" data-settings=\"{&quot;_animation&quot;:&quot;none&quot;}\" data-widget_type=\"divider.default\">\n\t\t\t\t<div class=\"elementor-widget-container\">\n\t\t\t\t\t\t\t<div class=\"elementor-divider\">\n\t\t\t<span class=\"elementor-divider-separator\">\n\t\t\t\t\t\t<\/span>\n\t\t<\/div>\n\t\t\t\t\t\t<\/div>\n\t\t\t\t<\/div>\n\t\t\t\t<\/div>\n\t\t<div class=\"elementor-element elementor-element-763d687 e-con-full animated-slow e-flex wpr-column-slider-no wpr-equal-height-no e-con e-child\" data-id=\"763d687\" data-element_type=\"container\" data-e-type=\"container\" data-settings=\"{&quot;background_background&quot;:&quot;slideshow&quot;,&quot;background_slideshow_ken_burns&quot;:&quot;yes&quot;,&quot;animation&quot;:&quot;none&quot;,&quot;background_slideshow_gallery&quot;:[{&quot;id&quot;:6228,&quot;url&quot;:&quot;https:\\\/\\\/www.hotelgranodeoro.com\\\/wp-content\\\/uploads\\\/2026\\\/03\\\/casa-luz-6.jpg&quot;}],&quot;background_slideshow_loop&quot;:&quot;yes&quot;,&quot;background_slideshow_slide_duration&quot;:5000,&quot;background_slideshow_slide_transition&quot;:&quot;fade&quot;,&quot;background_slideshow_transition_duration&quot;:500,&quot;background_slideshow_ken_burns_zoom_direction&quot;:&quot;in&quot;}\">\n\t\t\t\t<div class=\"elementor-element elementor-element-bcf2a4d elementor-widget elementor-widget-spacer\" data-id=\"bcf2a4d\" data-element_type=\"widget\" data-e-type=\"widget\" data-widget_type=\"spacer.default\">\n\t\t\t\t<div class=\"elementor-widget-container\">\n\t\t\t\t\t\t\t<div class=\"elementor-spacer\">\n\t\t\t<div class=\"elementor-spacer-inner\"><\/div>\n\t\t<\/div>\n\t\t\t\t\t\t<\/div>\n\t\t\t\t<\/div>\n\t\t\t\t<\/div>\n\t\t\t\t<\/div>\n\t\t<div class=\"elementor-element elementor-element-b907fe7 e-con-full e-flex wpr-column-slider-no wpr-equal-height-no e-con e-child\" data-id=\"b907fe7\" data-element_type=\"container\" data-e-type=\"container\" data-settings=\"{&quot;background_background&quot;:&quot;classic&quot;}\">\n\t\t<div class=\"elementor-element elementor-element-7556146 e-con-full animated-slow e-flex wpr-column-slider-no wpr-equal-height-no e-con e-child\" data-id=\"7556146\" data-element_type=\"container\" data-e-type=\"container\" data-settings=\"{&quot;background_background&quot;:&quot;slideshow&quot;,&quot;background_slideshow_ken_burns&quot;:&quot;yes&quot;,&quot;animation&quot;:&quot;none&quot;,&quot;background_slideshow_gallery&quot;:[{&quot;id&quot;:6226,&quot;url&quot;:&quot;https:\\\/\\\/www.hotelgranodeoro.com\\\/wp-content\\\/uploads\\\/2026\\\/03\\\/casa-luz-5.jpg&quot;}],&quot;background_slideshow_loop&quot;:&quot;yes&quot;,&quot;background_slideshow_slide_duration&quot;:5000,&quot;background_slideshow_slide_transition&quot;:&quot;fade&quot;,&quot;background_slideshow_transition_duration&quot;:500,&quot;background_slideshow_ken_burns_zoom_direction&quot;:&quot;in&quot;}\">\n\t\t\t\t<div class=\"elementor-element elementor-element-5a00ff8 elementor-widget elementor-widget-spacer\" data-id=\"5a00ff8\" data-element_type=\"widget\" data-e-type=\"widget\" data-widget_type=\"spacer.default\">\n\t\t\t\t<div class=\"elementor-widget-container\">\n\t\t\t\t\t\t\t<div class=\"elementor-spacer\">\n\t\t\t<div class=\"elementor-spacer-inner\"><\/div>\n\t\t<\/div>\n\t\t\t\t\t\t<\/div>\n\t\t\t\t<\/div>\n\t\t\t\t<\/div>\n\t\t<div class=\"elementor-element elementor-element-2e891bd e-con-full e-flex wpr-column-slider-no wpr-equal-height-no e-con e-child\" data-id=\"2e891bd\" data-element_type=\"container\" data-e-type=\"container\">\n\t\t\t\t<div class=\"elementor-element elementor-element-b2f598a animated-slow elementor-widget elementor-widget-text-editor\" data-id=\"b2f598a\" data-element_type=\"widget\" data-e-type=\"widget\" data-settings=\"{&quot;_animation&quot;:&quot;none&quot;}\" data-widget_type=\"text-editor.default\">\n\t\t\t\t<div class=\"elementor-widget-container\">\n\t\t\t\t\t\t\t\t\t<p>&#8211; <span style=\"color: #573312;\"><strong>Un camino hacia la sanaci\u00f3n y la autonom\u00eda<\/strong><\/span><\/p><p>En Casa Luz, el cambio es posible cada d\u00eda. A trav\u00e9s de un apoyo integral que incluye educaci\u00f3n, formaci\u00f3n profesional y acompa\u00f1amiento emocional, empoderamos a madres j\u00f3venes para transformar su futuro. Nuestro programa de dos etapas gu\u00eda a mujeres mayores de 18 a\u00f1os desde la recuperaci\u00f3n hacia la independencia, brind\u00e1ndoles las herramientas necesarias para que ellas y sus hijos puedan construir una vida estable y plena.<\/p>\t\t\t\t\t\t\t\t<\/div>\n\t\t\t\t<\/div>\n\t\t\t\t<div class=\"elementor-element elementor-element-9ae5816 animated-slow elementor-widget-divider--view-line elementor-widget elementor-widget-divider\" data-id=\"9ae5816\" data-element_type=\"widget\" data-e-type=\"widget\" data-settings=\"{&quot;_animation&quot;:&quot;none&quot;}\" data-widget_type=\"divider.default\">\n\t\t\t\t<div class=\"elementor-widget-container\">\n\t\t\t\t\t\t\t<div class=\"elementor-divider\">\n\t\t\t<span class=\"elementor-divider-separator\">\n\t\t\t\t\t\t<\/span>\n\t\t<\/div>\n\t\t\t\t\t\t<\/div>\n\t\t\t\t<\/div>\n\t\t\t\t<\/div>\n\t\t\t\t<\/div>\n\t\t<div class=\"elementor-element elementor-element-cf68003 e-con-full e-flex wpr-column-slider-no wpr-equal-height-no e-con e-child\" data-id=\"cf68003\" data-element_type=\"container\" data-e-type=\"container\">\n\t\t<div class=\"elementor-element elementor-element-fe9123f e-con-full e-flex wpr-column-slider-no wpr-equal-height-no e-con e-child\" data-id=\"fe9123f\" data-element_type=\"container\" data-e-type=\"container\">\n\t\t\t\t<div class=\"elementor-element elementor-element-1a8a6b0 animated-slow elementor-widget elementor-widget-text-editor\" data-id=\"1a8a6b0\" data-element_type=\"widget\" data-e-type=\"widget\" data-settings=\"{&quot;_animation&quot;:&quot;none&quot;}\" data-widget_type=\"text-editor.default\">\n\t\t\t\t<div class=\"elementor-widget-container\">\n\t\t\t\t\t\t\t\t\t<p>&#8211; <span style=\"color: #573312;\"><strong>Sea parte de la historia<\/strong><\/span><\/p><p>Cada detalle de su experiencia con nosotros tiene un prop\u00f3sito mayor. Al elegir el Hotel Grano de Oro, no solo elige un lugar donde hospedarse: elige formar parte de una misi\u00f3n que busca sanar, acompa\u00f1ar y generar oportunidades reales de cambio.<\/p>\t\t\t\t\t\t\t\t<\/div>\n\t\t\t\t<\/div>\n\t\t\t\t<div class=\"elementor-element elementor-element-34d6e1f animated-slow elementor-widget-divider--view-line elementor-widget elementor-widget-divider\" data-id=\"34d6e1f\" data-element_type=\"widget\" data-e-type=\"widget\" data-settings=\"{&quot;_animation&quot;:&quot;none&quot;}\" data-widget_type=\"divider.default\">\n\t\t\t\t<div class=\"elementor-widget-container\">\n\t\t\t\t\t\t\t<div class=\"elementor-divider\">\n\t\t\t<span class=\"elementor-divider-separator\">\n\t\t\t\t\t\t<\/span>\n\t\t<\/div>\n\t\t\t\t\t\t<\/div>\n\t\t\t\t<\/div>\n\t\t\t\t<\/div>\n\t\t<div class=\"elementor-element elementor-element-1e488f4 e-con-full animated-slow e-flex wpr-column-slider-no wpr-equal-height-no e-con e-child\" data-id=\"1e488f4\" data-element_type=\"container\" data-e-type=\"container\" data-settings=\"{&quot;background_background&quot;:&quot;slideshow&quot;,&quot;background_slideshow_ken_burns&quot;:&quot;yes&quot;,&quot;animation&quot;:&quot;none&quot;,&quot;background_slideshow_gallery&quot;:[{&quot;id&quot;:6224,&quot;url&quot;:&quot;https:\\\/\\\/www.hotelgranodeoro.com\\\/wp-content\\\/uploads\\\/2026\\\/03\\\/casa-luz-4.jpg&quot;}],&quot;background_slideshow_loop&quot;:&quot;yes&quot;,&quot;background_slideshow_slide_duration&quot;:5000,&quot;background_slideshow_slide_transition&quot;:&quot;fade&quot;,&quot;background_slideshow_transition_duration&quot;:500,&quot;background_slideshow_ken_burns_zoom_direction&quot;:&quot;in&quot;}\">\n\t\t\t\t<div class=\"elementor-element elementor-element-8795819 elementor-widget elementor-widget-spacer\" data-id=\"8795819\" data-element_type=\"widget\" data-e-type=\"widget\" data-widget_type=\"spacer.default\">\n\t\t\t\t<div class=\"elementor-widget-container\">\n\t\t\t\t\t\t\t<div class=\"elementor-spacer\">\n\t\t\t<div class=\"elementor-spacer-inner\"><\/div>\n\t\t<\/div>\n\t\t\t\t\t\t<\/div>\n\t\t\t\t<\/div>\n\t\t\t\t<\/div>\n\t\t\t\t<\/div>\n\t\t<div class=\"elementor-element elementor-element-c0e1f58 e-con-full e-flex wpr-column-slider-no wpr-equal-height-no e-con e-child\" data-id=\"c0e1f58\" data-element_type=\"container\" data-e-type=\"container\" data-settings=\"{&quot;background_background&quot;:&quot;classic&quot;}\">\n\t\t<div class=\"elementor-element elementor-element-0ef5397 e-con-full animated-slow e-flex wpr-column-slider-no wpr-equal-height-no e-con e-child\" data-id=\"0ef5397\" data-element_type=\"container\" data-e-type=\"container\" data-settings=\"{&quot;background_background&quot;:&quot;slideshow&quot;,&quot;background_slideshow_ken_burns&quot;:&quot;yes&quot;,&quot;animation&quot;:&quot;none&quot;,&quot;background_slideshow_gallery&quot;:[{&quot;id&quot;:6218,&quot;url&quot;:&quot;https:\\\/\\\/www.hotelgranodeoro.com\\\/wp-content\\\/uploads\\\/2026\\\/03\\\/casa-luz-1.jpg&quot;}],&quot;background_slideshow_loop&quot;:&quot;yes&quot;,&quot;background_slideshow_slide_duration&quot;:5000,&quot;background_slideshow_slide_transition&quot;:&quot;fade&quot;,&quot;background_slideshow_transition_duration&quot;:500,&quot;background_slideshow_ken_burns_zoom_direction&quot;:&quot;in&quot;}\">\n\t\t\t\t<div class=\"elementor-element elementor-element-b15be48 elementor-widget elementor-widget-spacer\" data-id=\"b15be48\" data-element_type=\"widget\" data-e-type=\"widget\" data-widget_type=\"spacer.default\">\n\t\t\t\t<div class=\"elementor-widget-container\">\n\t\t\t\t\t\t\t<div class=\"elementor-spacer\">\n\t\t\t<div class=\"elementor-spacer-inner\"><\/div>\n\t\t<\/div>\n\t\t\t\t\t\t<\/div>\n\t\t\t\t<\/div>\n\t\t\t\t<\/div>\n\t\t<div class=\"elementor-element elementor-element-ce87682 e-con-full e-flex wpr-column-slider-no wpr-equal-height-no e-con e-child\" data-id=\"ce87682\" data-element_type=\"container\" data-e-type=\"container\">\n\t\t\t\t<div class=\"elementor-element elementor-element-50bcd3e animated-slow elementor-widget elementor-widget-text-editor\" data-id=\"50bcd3e\" data-element_type=\"widget\" data-e-type=\"widget\" data-settings=\"{&quot;_animation&quot;:&quot;none&quot;}\" data-widget_type=\"text-editor.default\">\n\t\t\t\t<div class=\"elementor-widget-container\">\n\t\t\t\t\t\t\t\t\t<p><span style=\"color: #000000;\">&#8211; <strong>\u00danase<\/strong><\/span><\/p><p><span style=\"color: #000000;\">Descubra c\u00f3mo su estancia marca la diferencia y c\u00f3mo puede apoyar a\u00fan m\u00e1s a Casa Luz. Le invitamos a visitar <strong><a style=\"color: #000000;\" href=\"http:\/\/www.casaluz.org\/\" target=\"_blank\" rel=\"noopener\">www.casaluz.org<\/a><\/strong> o a consultar en recepci\u00f3n sobre la posibilidad de conocer el proyecto de cerca.<\/span><\/p><p><span style=\"color: #000000;\">Juntos, seguimos iluminando vidas, una a la vez.<\/span><\/p>\t\t\t\t\t\t\t\t<\/div>\n\t\t\t\t<\/div>\n\t\t\t\t<div class=\"elementor-element elementor-element-08e69d1 animated-slow elementor-widget-divider--view-line elementor-widget elementor-widget-divider\" data-id=\"08e69d1\" data-element_type=\"widget\" data-e-type=\"widget\" data-settings=\"{&quot;_animation&quot;:&quot;none&quot;}\" data-widget_type=\"divider.default\">\n\t\t\t\t<div class=\"elementor-widget-container\">\n\t\t\t\t\t\t\t<div class=\"elementor-divider\">\n\t\t\t<span class=\"elementor-divider-separator\">\n\t\t\t\t\t\t<\/span>\n\t\t<\/div>\n\t\t\t\t\t\t<\/div>\n\t\t\t\t<\/div>\n\t\t\t\t<\/div>\n\t\t\t\t<\/div>\n\t\t\t\t<div class=\"elementor-element elementor-element-977b4ba elementor-align-center animated-slow elementor-widget elementor-widget-button\" data-id=\"977b4ba\" data-element_type=\"widget\" data-e-type=\"widget\" data-settings=\"{&quot;_animation&quot;:&quot;none&quot;}\" data-widget_type=\"button.default\">\n\t\t\t\t<div class=\"elementor-widget-container\">\n\t\t\t\t\t\t\t\t\t<div class=\"elementor-button-wrapper\">\n\t\t\t\t\t<a class=\"elementor-button elementor-button-link elementor-size-sm\" href=\"https:\/\/www.casaluz.org\/\" target=\"_blank\">\n\t\t\t\t\t\t<span class=\"elementor-button-content-wrapper\">\n\t\t\t\t\t\t\t\t\t<span class=\"elementor-button-text\">Visita Casa Luz<\/span>\n\t\t\t\t\t<\/span>\n\t\t\t\t\t<\/a>\n\t\t\t\t<\/div>\n\t\t\t\t\t\t\t\t<\/div>\n\t\t\t\t<\/div>\n\t\t\t\t\t<\/div>\n\t\t\t\t<\/div>\n\t\t\t\t<\/div>\n\t\t","protected":false},"excerpt":{"rendered":"<p>Nuestro impacto social En el Hotel Grano de Oro, creemos que una estancia puede ser mucho m\u00e1s que memorable; puede generar un impacto real. M\u00e1s all\u00e1 del confort y el lujo, est\u00e1 nuestra iniciativa m\u00e1s significativa: Casa Luz, un faro de esperanza para madres j\u00f3venes y sus hijos que buscan salir adelante tras situaciones de abuso, pobreza y vulnerabilidad. &#8211; Transformando vidas, una estancia a la vez Cada visita al Hotel Grano de Oro contribuye directamente a Casa Luz, permiti\u00e9ndonos ofrecer un espacio seguro para la sanaci\u00f3n, el crecimiento y nuevos comienzos. Fundada en 2003 por los propietarios del hotel, Casa Luz es mucho m\u00e1s que un refugio: es un hogar donde el cuidado y el acompa\u00f1amiento ayudan a reconstruir vidas y abrir nuevas oportunidades. &#8211; Un camino hacia la sanaci\u00f3n y la autonom\u00eda En Casa Luz, el cambio es posible cada d\u00eda. A trav\u00e9s de un apoyo integral que incluye educaci\u00f3n, formaci\u00f3n profesional y acompa\u00f1amiento emocional, empoderamos a madres j\u00f3venes para transformar su futuro. Nuestro programa de dos etapas gu\u00eda a mujeres mayores de 18 a\u00f1os desde la recuperaci\u00f3n hacia la independencia, brind\u00e1ndoles las herramientas necesarias para que ellas y sus hijos puedan construir una vida estable y plena. &#8211; Sea parte de la historia Cada detalle de su experiencia con nosotros tiene un prop\u00f3sito mayor. Al elegir el Hotel Grano de Oro, no solo elige un lugar donde hospedarse: elige formar parte de una misi\u00f3n que busca sanar, acompa\u00f1ar y generar oportunidades reales de cambio. &#8211; \u00danase Descubra c\u00f3mo su estancia marca la diferencia y c\u00f3mo puede apoyar a\u00fan m\u00e1s a Casa Luz. Le invitamos a visitar www.casaluz.org o a consultar en recepci\u00f3n sobre la posibilidad de conocer el proyecto de cerca. Juntos, seguimos iluminando vidas, una a la vez. Visita Casa Luz<\/p>\n","protected":false},"author":1,"featured_media":0,"parent":0,"menu_order":0,"comment_status":"closed","ping_status":"closed","template":"elementor_header_footer","meta":{"footnotes":""},"class_list":["post-5086","page","type-page","status-publish","hentry"],"_links":{"self":[{"href":"https:\/\/www.hotelgranodeoro.com\/es\/wp-json\/wp\/v2\/pages\/5086","targetHints":{"allow":["GET"]}}],"collection":[{"href":"https:\/\/www.hotelgranodeoro.com\/es\/wp-json\/wp\/v2\/pages"}],"about":[{"href":"https:\/\/www.hotelgranodeoro.com\/es\/wp-json\/wp\/v2\/types\/page"}],"author":[{"embeddable":true,"href":"https:\/\/www.hotelgranodeoro.com\/es\/wp-json\/wp\/v2\/users\/1"}],"replies":[{"embeddable":true,"href":"https:\/\/www.hotelgranodeoro.com\/es\/wp-json\/wp\/v2\/comments?post=5086"}],"version-history":[{"count":44,"href":"https:\/\/www.hotelgranodeoro.com\/es\/wp-json\/wp\/v2\/pages\/5086\/revisions"}],"predecessor-version":[{"id":6978,"href":"https:\/\/www.hotelgranodeoro.com\/es\/wp-json\/wp\/v2\/pages\/5086\/revisions\/6978"}],"wp:attachment":[{"href":"https:\/\/www.hotelgranodeoro.com\/es\/wp-json\/wp\/v2\/media?parent=5086"}],"curies":[{"name":"wp","href":"https:\/\/api.w.org\/{rel}","templated":true}]}}