{"id":5087,"date":"2026-01-08T18:45:19","date_gmt":"2026-01-08T18:45:19","guid":{"rendered":"https:\/\/www.hotelgranodeoro.com\/privacy-policies\/"},"modified":"2026-03-09T15:12:17","modified_gmt":"2026-03-09T15:12:17","slug":"privacy-policies","status":"publish","type":"page","link":"https:\/\/www.hotelgranodeoro.com\/es\/privacy-policies\/","title":{"rendered":"Pol\u00edticas de privacidad"},"content":{"rendered":"\t\t<div data-elementor-type=\"wp-page\" data-elementor-id=\"5087\" class=\"elementor elementor-5087\">\n\t\t\t\t<div class=\"elementor-element elementor-element-e11396b e-con-full e-flex wpr-column-slider-no wpr-equal-height-no e-con e-parent\" data-id=\"e11396b\" data-element_type=\"container\" data-e-type=\"container\" data-settings=\"{&quot;background_background&quot;:&quot;classic&quot;}\">\n\t\t\t\t<div class=\"elementor-element elementor-element-3d7fc14 elementor-widget elementor-widget-spacer\" data-id=\"3d7fc14\" data-element_type=\"widget\" data-e-type=\"widget\" data-widget_type=\"spacer.default\">\n\t\t\t\t<div class=\"elementor-widget-container\">\n\t\t\t\t\t\t\t<div class=\"elementor-spacer\">\n\t\t\t<div class=\"elementor-spacer-inner\"><\/div>\n\t\t<\/div>\n\t\t\t\t\t\t<\/div>\n\t\t\t\t<\/div>\n\t\t\t\t<\/div>\n\t\t<div class=\"elementor-element elementor-element-b486f4c animated-slow e-flex e-con-boxed wpr-column-slider-no wpr-equal-height-no elementor-invisible e-con e-parent\" data-id=\"b486f4c\" data-element_type=\"container\" data-e-type=\"container\" data-settings=\"{&quot;animation&quot;:&quot;fadeIn&quot;,&quot;animation_mobile&quot;:&quot;none&quot;}\">\n\t\t\t\t\t<div class=\"e-con-inner\">\n\t\t\t\t<div class=\"elementor-element elementor-element-413c717 elementor-widget elementor-widget-image\" data-id=\"413c717\" data-element_type=\"widget\" data-e-type=\"widget\" data-widget_type=\"image.default\">\n\t\t\t\t<div class=\"elementor-widget-container\">\n\t\t\t\t\t\t\t\t\t\t\t\t\t\t\t<img decoding=\"async\" width=\"100\" height=\"100\" src=\"https:\/\/www.hotelgranodeoro.com\/wp-content\/uploads\/2025\/04\/icon-logo-deco.png\" class=\"attachment-full size-full wp-image-1864\" alt=\"\" \/>\t\t\t\t\t\t\t\t\t\t\t\t\t\t\t<\/div>\n\t\t\t\t<\/div>\n\t\t\t\t<div class=\"elementor-element elementor-element-7d9605d elementor-widget elementor-widget-heading\" data-id=\"7d9605d\" data-element_type=\"widget\" data-e-type=\"widget\" data-settings=\"{&quot;_animation&quot;:&quot;none&quot;}\" data-widget_type=\"heading.default\">\n\t\t\t\t<div class=\"elementor-widget-container\">\n\t\t\t\t\t<h2 class=\"elementor-heading-title elementor-size-default\">Pol\u00edticas de privacidad<\/h2>\t\t\t\t<\/div>\n\t\t\t\t<\/div>\n\t\t\t\t\t<\/div>\n\t\t\t\t<\/div>\n\t\t<div class=\"elementor-element elementor-element-72801af animated-slow e-flex e-con-boxed wpr-column-slider-no wpr-equal-height-no elementor-invisible e-con e-parent\" data-id=\"72801af\" data-element_type=\"container\" data-e-type=\"container\" data-settings=\"{&quot;background_background&quot;:&quot;classic&quot;,&quot;animation&quot;:&quot;fadeIn&quot;,&quot;animation_mobile&quot;:&quot;none&quot;}\">\n\t\t\t\t\t<div class=\"e-con-inner\">\n\t\t\t\t<div class=\"elementor-element elementor-element-816672b animated-slow elementor-widget-divider--view-line elementor-widget elementor-widget-divider\" data-id=\"816672b\" data-element_type=\"widget\" data-e-type=\"widget\" data-settings=\"{&quot;_animation&quot;:&quot;none&quot;}\" data-widget_type=\"divider.default\">\n\t\t\t\t<div class=\"elementor-widget-container\">\n\t\t\t\t\t\t\t<div class=\"elementor-divider\">\n\t\t\t<span class=\"elementor-divider-separator\">\n\t\t\t\t\t\t<\/span>\n\t\t<\/div>\n\t\t\t\t\t\t<\/div>\n\t\t\t\t<\/div>\n\t\t\t\t<div class=\"elementor-element elementor-element-28fd3ce animated-slow elementor-widget elementor-widget-text-editor\" data-id=\"28fd3ce\" data-element_type=\"widget\" data-e-type=\"widget\" data-settings=\"{&quot;_animation&quot;:&quot;none&quot;}\" data-widget_type=\"text-editor.default\">\n\t\t\t\t<div class=\"elementor-widget-container\">\n\t\t\t\t\t\t\t\t\t<p><span style=\"color: #000000;\"><strong>Hotel Grano de Oro<\/strong> entiende que la privacidad es un tema importante para los hu\u00e9spedes y visitantes del sitio web del hotel y sus dominios relacionados. <strong>Hotel Grano de Oro<\/strong> se compromete a proteger y respetar su privacidad. La siguiente informaci\u00f3n ha sido dise\u00f1ada para ayudar a los hu\u00e9spedes y visitantes a comprender qu\u00e9 informaci\u00f3n recopilamos de nuestras instalaciones y sitios web, y c\u00f3mo se maneja, almacena y utiliza dicha informaci\u00f3n posteriormente. Tenga en cuenta que esta pol\u00edtica se aplica \u00fanicamente a personas f\u00edsicas en relaci\u00f3n con los datos personales que les conciernen directamente, y no a personas en cualquier otra condici\u00f3n.<\/span><\/p><p><strong><span style=\"color: #000000;\">\u2022 Recopilaci\u00f3n y uso de la informaci\u00f3n:<\/span><\/strong><\/p><p><span style=\"color: #000000;\">Recopilamos sus datos personales, que usted nos proporciona voluntariamente al proporcionarnos dichos datos personales o a trav\u00e9s de nuestros servicios con los que interact\u00faa. Tambi\u00e9n podr\u00edamos recibir otros datos personales sobre usted de otras personas o podr\u00edamos obtener cualquier otro dato personal sobre usted que nos sea proporcionado en el curso de nuestras actividades comerciales leg\u00edtimas. Dichos datos que podemos recopilar y procesar podr\u00edan incluir sus datos personales, como se indica a continuaci\u00f3n:<\/span><\/p><p><span style=\"color: #000000;\"><strong>Hotel Grano de Oro<\/strong> es el \u00fanico propietario de toda la informaci\u00f3n recopilada en este sitio. No venderemos, compartiremos ni alquilaremos esta informaci\u00f3n a terceros de ninguna manera distinta a la que se describe en esta declaraci\u00f3n. <strong>Hotel Grano de Oro<\/strong> puede recopilar informaci\u00f3n proporcionada voluntariamente por nuestros usuarios en diferentes puntos de nuestras instalaciones y sitios web, previa solicitud de su consentimiento expl\u00edcito. Toda la informaci\u00f3n recopilada por el Hotel Nantipa se trata con los m\u00e1s altos est\u00e1ndares de seguridad y confidencialidad.<\/span><\/p><p><strong><span style=\"color: #000000;\">\u2022 Consultas generales:<\/span><\/strong><\/p><p><span style=\"color: #000000;\">Si un usuario del sitio web contacta con cualquier sitio web o dominio del <strong>Hotel Grano de Oro<\/strong> para realizar una consulta general, podr\u00eda necesitar proporcionar informaci\u00f3n personal (por ejemplo, datos de contacto) al <strong>Hotel Grano de Oro<\/strong>. El <strong>Hotel Grano de Oro<\/strong> utilizar\u00e1 esta informaci\u00f3n personal para responder a la consulta y dar seguimiento a la correspondencia posterior. Los datos personales recopilados no se utilizan para ning\u00fan otro fin.<\/span><\/p><p><strong><span style=\"color: #000000;\">\u2022 Cookies:<\/span><\/strong><\/p><p><span style=\"color: #000000;\">Las cookies son peque\u00f1os archivos de texto que un sitio web transfiere al disco duro o al navegador del visitante para mejorar su funcionalidad o para rastrear el uso del sitio. Para medir la efectividad de nuestra presencia en l\u00ednea, <strong>Hotel Grano de Oro<\/strong> puede utilizar cookies para determinar la ruta que siguen los usuarios en nuestro sitio web e identificar a los visitantes recurrentes. No utilizamos cookies para recopilar informaci\u00f3n personal, como el nombre o la direcci\u00f3n de correo electr\u00f3nico. Los visitantes pueden usar este sitio web sin perder funcionalidad si desactivan las cookies en su navegador.<\/span><\/p><p><strong><span style=\"color: #000000;\">\u2022 Seguridad:<\/span><\/strong><\/p><p><span style=\"color: #000000;\">Sus datos personales se almacenan en servidores seguros alojados por [nuestro proveedor de servicios de internet]. Debido a la naturaleza de internet, no podemos garantizar la seguridad de la informaci\u00f3n que nos transmita a trav\u00e9s de ella. Ninguna transmisi\u00f3n de datos por internet puede garantizarse al 100 % de seguridad. Sin embargo, tomaremos todas las medidas razonables (incluidas las medidas t\u00e9cnicas y organizativas apropiadas) para proteger sus datos personales.<\/span><\/p><p><span style=\"color: #000000;\">Su consentimiento: El uso del Sitio implica su consentimiento, as\u00ed como el de la empresa para la que utiliza el Sitio y cuya informaci\u00f3n env\u00eda (si corresponde), a esta Pol\u00edtica de Privacidad en l\u00ednea, incluyendo la recopilaci\u00f3n y el uso de informaci\u00f3n por parte del <strong>Hotel Grano de Oro<\/strong>, como se describe en esta declaraci\u00f3n, y tambi\u00e9n implica la aceptaci\u00f3n de los t\u00e9rminos de uso de este sitio. El acceso y uso continuado del Sitio sin aceptar los t\u00e9rminos de esta Pol\u00edtica de Privacidad exime al <strong>Hotel Grano de Oro<\/strong> de toda responsabilidad ante el usuario.<\/span><\/p><p><span style=\"color: #000000;\"><strong>\u2022 Cont\u00e1ctenos:<\/strong><\/span><\/p><p>Las preguntas, comentarios, solicitudes y quejas sobre esta pol\u00edtica y la informaci\u00f3n que obra en nuestro poder son bienvenidas y deben dirigirse a <strong><a style=\"color: #000000;\" href=\"mailto:info@hotelgranodeoro.com\">info@hotelgranodeoro.com<\/a><\/strong>.<\/p>\t\t\t\t\t\t\t\t<\/div>\n\t\t\t\t<\/div>\n\t\t\t\t<div class=\"elementor-element elementor-element-0fa8977 animated-slow elementor-widget-divider--view-line elementor-widget elementor-widget-divider\" data-id=\"0fa8977\" data-element_type=\"widget\" data-e-type=\"widget\" data-settings=\"{&quot;_animation&quot;:&quot;none&quot;}\" data-widget_type=\"divider.default\">\n\t\t\t\t<div class=\"elementor-widget-container\">\n\t\t\t\t\t\t\t<div class=\"elementor-divider\">\n\t\t\t<span class=\"elementor-divider-separator\">\n\t\t\t\t\t\t<\/span>\n\t\t<\/div>\n\t\t\t\t\t\t<\/div>\n\t\t\t\t<\/div>\n\t\t\t\t\t<\/div>\n\t\t\t\t<\/div>\n\t\t\t\t<\/div>\n\t\t","protected":false},"excerpt":{"rendered":"<p>Pol\u00edticas de privacidad Hotel Grano de Oro entiende que la privacidad es un tema importante para los hu\u00e9spedes y visitantes del sitio web del hotel y sus dominios relacionados. Hotel Grano de Oro se compromete a proteger y respetar su privacidad. La siguiente informaci\u00f3n ha sido dise\u00f1ada para ayudar a los hu\u00e9spedes y visitantes a comprender qu\u00e9 informaci\u00f3n recopilamos de nuestras instalaciones y sitios web, y c\u00f3mo se maneja, almacena y utiliza dicha informaci\u00f3n posteriormente. Tenga en cuenta que esta pol\u00edtica se aplica \u00fanicamente a personas f\u00edsicas en relaci\u00f3n con los datos personales que les conciernen directamente, y no a personas en cualquier otra condici\u00f3n. \u2022 Recopilaci\u00f3n y uso de la informaci\u00f3n: Recopilamos sus datos personales, que usted nos proporciona voluntariamente al proporcionarnos dichos datos personales o a trav\u00e9s de nuestros servicios con los que interact\u00faa. Tambi\u00e9n podr\u00edamos recibir otros datos personales sobre usted de otras personas o podr\u00edamos obtener cualquier otro dato personal sobre usted que nos sea proporcionado en el curso de nuestras actividades comerciales leg\u00edtimas. Dichos datos que podemos recopilar y procesar podr\u00edan incluir sus datos personales, como se indica a continuaci\u00f3n: Hotel Grano de Oro es el \u00fanico propietario de toda la informaci\u00f3n recopilada en este sitio. No venderemos, compartiremos ni alquilaremos esta informaci\u00f3n a terceros de ninguna manera distinta a la que se describe en esta declaraci\u00f3n. Hotel Grano de Oro puede recopilar informaci\u00f3n proporcionada voluntariamente por nuestros usuarios en diferentes puntos de nuestras instalaciones y sitios web, previa solicitud de su consentimiento expl\u00edcito. Toda la informaci\u00f3n recopilada por el Hotel Nantipa se trata con los m\u00e1s altos est\u00e1ndares de seguridad y confidencialidad. \u2022 Consultas generales: Si un usuario del sitio web contacta con cualquier sitio web o dominio del Hotel Grano de Oro para realizar una consulta general, podr\u00eda necesitar proporcionar informaci\u00f3n personal (por ejemplo, datos de contacto) al Hotel Grano de Oro. El Hotel Grano de Oro utilizar\u00e1 esta informaci\u00f3n personal para responder a la consulta y dar seguimiento a la correspondencia posterior. Los datos personales recopilados no se utilizan para ning\u00fan otro fin. \u2022 Cookies: Las cookies son peque\u00f1os archivos de texto que un sitio web transfiere al disco duro o al navegador del visitante para mejorar su funcionalidad o para rastrear el uso del sitio. Para medir la efectividad de nuestra presencia en l\u00ednea, Hotel Grano de Oro puede utilizar cookies para determinar la ruta que siguen los usuarios en nuestro sitio web e identificar a los visitantes recurrentes. No utilizamos cookies para recopilar informaci\u00f3n personal, como el nombre o la direcci\u00f3n de correo electr\u00f3nico. Los visitantes pueden usar este sitio web sin perder funcionalidad si desactivan las cookies en su navegador. \u2022 Seguridad: Sus datos personales se almacenan en servidores seguros alojados por [nuestro proveedor de servicios de internet]. Debido a la naturaleza de internet, no podemos garantizar la seguridad de la informaci\u00f3n que nos transmita a trav\u00e9s de ella. Ninguna transmisi\u00f3n de datos por internet puede garantizarse al 100 % de seguridad. Sin embargo, tomaremos todas las medidas razonables (incluidas las medidas t\u00e9cnicas y organizativas apropiadas) para proteger sus datos personales. Su consentimiento: El uso del Sitio implica su consentimiento, as\u00ed como el de la empresa para la que utiliza el Sitio y cuya informaci\u00f3n env\u00eda (si corresponde), a esta Pol\u00edtica de Privacidad en l\u00ednea, incluyendo la recopilaci\u00f3n y el uso de informaci\u00f3n por parte del Hotel Grano de Oro, como se describe en esta declaraci\u00f3n, y tambi\u00e9n implica la aceptaci\u00f3n de los t\u00e9rminos de uso de este sitio. El acceso y uso continuado del Sitio sin aceptar los t\u00e9rminos de esta Pol\u00edtica de Privacidad exime al Hotel Grano de Oro de toda responsabilidad ante el usuario. \u2022 Cont\u00e1ctenos: Las preguntas, comentarios, solicitudes y quejas sobre esta pol\u00edtica y la informaci\u00f3n que obra en nuestro poder son bienvenidas y deben dirigirse a info@hotelgranodeoro.com.<\/p>\n","protected":false},"author":1,"featured_media":0,"parent":0,"menu_order":0,"comment_status":"closed","ping_status":"closed","template":"elementor_header_footer","meta":{"footnotes":""},"class_list":["post-5087","page","type-page","status-publish","hentry"],"_links":{"self":[{"href":"https:\/\/www.hotelgranodeoro.com\/es\/wp-json\/wp\/v2\/pages\/5087","targetHints":{"allow":["GET"]}}],"collection":[{"href":"https:\/\/www.hotelgranodeoro.com\/es\/wp-json\/wp\/v2\/pages"}],"about":[{"href":"https:\/\/www.hotelgranodeoro.com\/es\/wp-json\/wp\/v2\/types\/page"}],"author":[{"embeddable":true,"href":"https:\/\/www.hotelgranodeoro.com\/es\/wp-json\/wp\/v2\/users\/1"}],"replies":[{"embeddable":true,"href":"https:\/\/www.hotelgranodeoro.com\/es\/wp-json\/wp\/v2\/comments?post=5087"}],"version-history":[{"count":14,"href":"https:\/\/www.hotelgranodeoro.com\/es\/wp-json\/wp\/v2\/pages\/5087\/revisions"}],"predecessor-version":[{"id":6198,"href":"https:\/\/www.hotelgranodeoro.com\/es\/wp-json\/wp\/v2\/pages\/5087\/revisions\/6198"}],"wp:attachment":[{"href":"https:\/\/www.hotelgranodeoro.com\/es\/wp-json\/wp\/v2\/media?parent=5087"}],"curies":[{"name":"wp","href":"https:\/\/api.w.org\/{rel}","templated":true}]}}