{"id":5092,"date":"2025-12-05T22:50:26","date_gmt":"2025-12-05T22:50:26","guid":{"rendered":"https:\/\/www.hotelgranodeoro.com\/sustainability\/"},"modified":"2026-04-13T17:53:18","modified_gmt":"2026-04-13T17:53:18","slug":"sustainability","status":"publish","type":"page","link":"https:\/\/www.hotelgranodeoro.com\/es\/sustainability\/","title":{"rendered":"Sostenibilidad"},"content":{"rendered":"\t\t<div data-elementor-type=\"wp-page\" data-elementor-id=\"5092\" class=\"elementor elementor-5092\">\n\t\t\t\t<div class=\"elementor-element elementor-element-e11396b e-con-full e-flex wpr-column-slider-no wpr-equal-height-no e-con e-parent\" data-id=\"e11396b\" data-element_type=\"container\" data-e-type=\"container\" data-settings=\"{&quot;background_background&quot;:&quot;classic&quot;}\">\n\t\t\t\t<div class=\"elementor-element elementor-element-3d7fc14 elementor-widget elementor-widget-spacer\" data-id=\"3d7fc14\" data-element_type=\"widget\" data-e-type=\"widget\" data-widget_type=\"spacer.default\">\n\t\t\t\t<div class=\"elementor-widget-container\">\n\t\t\t\t\t\t\t<div class=\"elementor-spacer\">\n\t\t\t<div class=\"elementor-spacer-inner\"><\/div>\n\t\t<\/div>\n\t\t\t\t\t\t<\/div>\n\t\t\t\t<\/div>\n\t\t\t\t<\/div>\n\t\t<div class=\"elementor-element elementor-element-b486f4c animated-slow e-flex e-con-boxed wpr-column-slider-no wpr-equal-height-no elementor-invisible e-con e-parent\" data-id=\"b486f4c\" data-element_type=\"container\" data-e-type=\"container\" data-settings=\"{&quot;animation&quot;:&quot;fadeIn&quot;,&quot;animation_mobile&quot;:&quot;none&quot;}\">\n\t\t\t\t\t<div class=\"e-con-inner\">\n\t\t\t\t<div class=\"elementor-element elementor-element-413c717 elementor-widget elementor-widget-image\" data-id=\"413c717\" data-element_type=\"widget\" data-e-type=\"widget\" data-widget_type=\"image.default\">\n\t\t\t\t<div class=\"elementor-widget-container\">\n\t\t\t\t\t\t\t\t\t\t\t\t\t\t\t<img decoding=\"async\" width=\"100\" height=\"100\" src=\"https:\/\/www.hotelgranodeoro.com\/wp-content\/uploads\/2025\/04\/icon-logo-deco.png\" class=\"attachment-full size-full wp-image-1864\" alt=\"\" \/>\t\t\t\t\t\t\t\t\t\t\t\t\t\t\t<\/div>\n\t\t\t\t<\/div>\n\t\t\t\t<div class=\"elementor-element elementor-element-7d9605d elementor-widget elementor-widget-heading\" data-id=\"7d9605d\" data-element_type=\"widget\" data-e-type=\"widget\" data-settings=\"{&quot;_animation&quot;:&quot;none&quot;}\" data-widget_type=\"heading.default\">\n\t\t\t\t<div class=\"elementor-widget-container\">\n\t\t\t\t\t<h2 class=\"elementor-heading-title elementor-size-default\">Sostenibilidad<\/h2>\t\t\t\t<\/div>\n\t\t\t\t<\/div>\n\t\t\t\t<div class=\"elementor-element elementor-element-f9a04ad animated-slow elementor-widget-divider--view-line elementor-widget elementor-widget-divider\" data-id=\"f9a04ad\" data-element_type=\"widget\" data-e-type=\"widget\" data-settings=\"{&quot;_animation&quot;:&quot;none&quot;}\" data-widget_type=\"divider.default\">\n\t\t\t\t<div class=\"elementor-widget-container\">\n\t\t\t\t\t\t\t<div class=\"elementor-divider\">\n\t\t\t<span class=\"elementor-divider-separator\">\n\t\t\t\t\t\t<\/span>\n\t\t<\/div>\n\t\t\t\t\t\t<\/div>\n\t\t\t\t<\/div>\n\t\t\t\t<div class=\"elementor-element elementor-element-2910326 animated-slow elementor-widget elementor-widget-text-editor\" data-id=\"2910326\" data-element_type=\"widget\" data-e-type=\"widget\" data-settings=\"{&quot;_animation&quot;:&quot;none&quot;}\" data-widget_type=\"text-editor.default\">\n\t\t\t\t<div class=\"elementor-widget-container\">\n\t\t\t\t\t\t\t\t\t<p><strong>En Hotel Grano de Oro, la hospitalidad es inseparable de un profundo respeto por el entorno y la comunidad que hacen de Costa Rica un lugar tan extraordinario.<\/strong> Nuestra filosof\u00eda es simple: el lujo nunca debe lograrse a costa de la belleza natural, la cultura y las personas que definen este pa\u00eds.<br \/>Procuramos operar de manera consciente y responsable, tomando decisiones que reduzcan nuestro impacto ambiental, sin dejar de preservar la calidez, el confort y la atenci\u00f3n al detalle que caracterizan la experiencia Grano de Oro.<\/p>\t\t\t\t\t\t\t\t<\/div>\n\t\t\t\t<\/div>\n\t\t\t\t\t<\/div>\n\t\t\t\t<\/div>\n\t\t<div class=\"elementor-element elementor-element-72801af animated-slow e-flex e-con-boxed wpr-column-slider-no wpr-equal-height-no elementor-invisible e-con e-parent\" data-id=\"72801af\" data-element_type=\"container\" data-e-type=\"container\" data-settings=\"{&quot;background_background&quot;:&quot;classic&quot;,&quot;animation&quot;:&quot;fadeIn&quot;,&quot;animation_mobile&quot;:&quot;none&quot;}\">\n\t\t\t\t\t<div class=\"e-con-inner\">\n\t\t<div class=\"elementor-element elementor-element-dfb8d51 e-con-full e-flex wpr-column-slider-no wpr-equal-height-no e-con e-child\" data-id=\"dfb8d51\" data-element_type=\"container\" data-e-type=\"container\">\n\t\t<div class=\"elementor-element elementor-element-95d6d3d e-con-full e-flex wpr-column-slider-no wpr-equal-height-no e-con e-child\" data-id=\"95d6d3d\" data-element_type=\"container\" data-e-type=\"container\" data-settings=\"{&quot;background_background&quot;:&quot;classic&quot;}\">\n\t\t\t\t<div class=\"elementor-element elementor-element-4371945 animated-slow elementor-view-default elementor-position-block-start elementor-mobile-position-block-start elementor-widget elementor-widget-icon-box\" data-id=\"4371945\" data-element_type=\"widget\" data-e-type=\"widget\" data-settings=\"{&quot;_animation&quot;:&quot;none&quot;}\" data-widget_type=\"icon-box.default\">\n\t\t\t\t<div class=\"elementor-widget-container\">\n\t\t\t\t\t\t\t<div class=\"elementor-icon-box-wrapper\">\n\n\t\t\t\t\t\t<div class=\"elementor-icon-box-icon\">\n\t\t\t\t<span  class=\"elementor-icon\">\n\t\t\t\t<i aria-hidden=\"true\" class=\"huge huge-green-house\"><\/i>\t\t\t\t<\/span>\n\t\t\t<\/div>\n\t\t\t\n\t\t\t\t\t\t<div class=\"elementor-icon-box-content\">\n\n\t\t\t\t\t\t\t\t\t<h3 class=\"elementor-icon-box-title\">\n\t\t\t\t\t\t<span  >\n\t\t\t\t\t\t\tHospitalidad Responsable\t\t\t\t\t\t<\/span>\n\t\t\t\t\t<\/h3>\n\t\t\t\t\n\t\t\t\t\n\t\t\t<\/div>\n\t\t\t\n\t\t<\/div>\n\t\t\t\t\t\t<\/div>\n\t\t\t\t<\/div>\n\t\t\t\t<div class=\"elementor-element elementor-element-3da8196 animated-slow elementor-widget elementor-widget-text-editor\" data-id=\"3da8196\" data-element_type=\"widget\" data-e-type=\"widget\" data-settings=\"{&quot;_animation&quot;:&quot;none&quot;}\" data-widget_type=\"text-editor.default\">\n\t\t\t\t<div class=\"elementor-widget-container\">\n\t\t\t\t\t\t\t\t\tEn todo el hotel implementamos medidas para minimizar nuestra huella ambiental mediante el uso responsable de energ\u00eda y agua, iluminaci\u00f3n y equipos eficientes, as\u00ed como pr\u00e1cticas operativas orientadas a reducir los residuos. Estas acciones nos permiten mantener los altos est\u00e1ndares de un hotel boutique de lujo mientras operamos con un mayor cuidado por el medio ambiente.\nIgualmente importante es nuestro compromiso con la preservaci\u00f3n del car\u00e1cter hist\u00f3rico de nuestro edificio. Al restaurar y mantener este referente arquitect\u00f3nico, en lugar de reemplazarlo, celebramos el patrimonio de San Jos\u00e9 al tiempo que adoptamos un enfoque m\u00e1s sostenible hacia la hospitalidad.\n\t\t\t\t\t\t\t\t<\/div>\n\t\t\t\t<\/div>\n\t\t\t\t<\/div>\n\t\t<div class=\"elementor-element elementor-element-c92f8ab e-con-full e-flex wpr-column-slider-no wpr-equal-height-no e-con e-child\" data-id=\"c92f8ab\" data-element_type=\"container\" data-e-type=\"container\" data-settings=\"{&quot;background_background&quot;:&quot;classic&quot;}\">\n\t\t\t\t<div class=\"elementor-element elementor-element-3c3f524 animated-slow elementor-view-default elementor-position-block-start elementor-mobile-position-block-start elementor-widget elementor-widget-icon-box\" data-id=\"3c3f524\" data-element_type=\"widget\" data-e-type=\"widget\" data-settings=\"{&quot;_animation&quot;:&quot;none&quot;}\" data-widget_type=\"icon-box.default\">\n\t\t\t\t<div class=\"elementor-widget-container\">\n\t\t\t\t\t\t\t<div class=\"elementor-icon-box-wrapper\">\n\n\t\t\t\t\t\t<div class=\"elementor-icon-box-icon\">\n\t\t\t\t<span  class=\"elementor-icon\">\n\t\t\t\t<i aria-hidden=\"true\" class=\"huge huge-blur\"><\/i>\t\t\t\t<\/span>\n\t\t\t<\/div>\n\t\t\t\n\t\t\t\t\t\t<div class=\"elementor-icon-box-content\">\n\n\t\t\t\t\t\t\t\t\t<h3 class=\"elementor-icon-box-title\">\n\t\t\t\t\t\t<span  >\n\t\t\t\t\t\t\tCelebrando Costa Rica\t\t\t\t\t\t<\/span>\n\t\t\t\t\t<\/h3>\n\t\t\t\t\n\t\t\t\t\n\t\t\t<\/div>\n\t\t\t\n\t\t<\/div>\n\t\t\t\t\t\t<\/div>\n\t\t\t\t<\/div>\n\t\t\t\t<div class=\"elementor-element elementor-element-9ceb020 animated-slow elementor-widget elementor-widget-text-editor\" data-id=\"9ceb020\" data-element_type=\"widget\" data-e-type=\"widget\" data-settings=\"{&quot;_animation&quot;:&quot;none&quot;}\" data-widget_type=\"text-editor.default\">\n\t\t\t\t<div class=\"elementor-widget-container\">\n\t\t\t\t\t\t\t\t\tLa cultura y la artesan\u00eda costarricense forman parte esencial de la experiencia que compartimos con nuestros hu\u00e9spedes. Muchos de los muebles del hotel, incluidos los de nuestras habitaciones, han sido elaborados en Costa Rica por artesanos locales. Asimismo, a lo largo de la propiedad se exhiben obras originales de artistas costarricenses que reflejan la vibrante creatividad del pa\u00eds.\nNuestro restaurante destaca ingredientes de temporada y trabaja, siempre que es posible, con agricultores y proveedores locales, resaltando los ricos sabores de la regi\u00f3n.\nEn nuestra tienda de regalos ofrecemos exclusivamente productos elaborados en Costa Rica, apoyando a artesanos y productores locales y brindando a nuestros hu\u00e9spedes recuerdos aut\u00e9nticos que reflejan la creatividad y las tradiciones del pa\u00eds.\n\t\t\t\t\t\t\t\t<\/div>\n\t\t\t\t<\/div>\n\t\t\t\t<\/div>\n\t\t\t\t<\/div>\n\t\t\t\t\t<\/div>\n\t\t\t\t<\/div>\n\t\t<div class=\"elementor-element elementor-element-d80b4c3 animated-slow e-flex e-con-boxed wpr-column-slider-no wpr-equal-height-no elementor-invisible e-con e-parent\" data-id=\"d80b4c3\" data-element_type=\"container\" data-e-type=\"container\" data-settings=\"{&quot;background_background&quot;:&quot;classic&quot;,&quot;animation&quot;:&quot;fadeIn&quot;,&quot;animation_mobile&quot;:&quot;none&quot;}\">\n\t\t\t\t\t<div class=\"e-con-inner\">\n\t\t<div class=\"elementor-element elementor-element-3efcffe e-con-full e-flex wpr-column-slider-no wpr-equal-height-no e-con e-child\" data-id=\"3efcffe\" data-element_type=\"container\" data-e-type=\"container\">\n\t\t<div class=\"elementor-element elementor-element-4d795e3 e-con-full e-flex wpr-column-slider-no wpr-equal-height-no e-con e-child\" data-id=\"4d795e3\" data-element_type=\"container\" data-e-type=\"container\" data-settings=\"{&quot;background_background&quot;:&quot;classic&quot;}\">\n\t\t\t\t<div class=\"elementor-element elementor-element-f97d32c animated-slow elementor-view-default elementor-position-block-start elementor-mobile-position-block-start elementor-widget elementor-widget-icon-box\" data-id=\"f97d32c\" data-element_type=\"widget\" data-e-type=\"widget\" data-settings=\"{&quot;_animation&quot;:&quot;none&quot;}\" data-widget_type=\"icon-box.default\">\n\t\t\t\t<div class=\"elementor-widget-container\">\n\t\t\t\t\t\t\t<div class=\"elementor-icon-box-wrapper\">\n\n\t\t\t\t\t\t<div class=\"elementor-icon-box-icon\">\n\t\t\t\t<span  class=\"elementor-icon\">\n\t\t\t\t<i aria-hidden=\"true\" class=\"icon icon-hand_shake\"><\/i>\t\t\t\t<\/span>\n\t\t\t<\/div>\n\t\t\t\n\t\t\t\t\t\t<div class=\"elementor-icon-box-content\">\n\n\t\t\t\t\t\t\t\t\t<h3 class=\"elementor-icon-box-title\">\n\t\t\t\t\t\t<span  >\n\t\t\t\t\t\t\tCompromiso con la Comunidad\t\t\t\t\t\t<\/span>\n\t\t\t\t\t<\/h3>\n\t\t\t\t\n\t\t\t\t\n\t\t\t<\/div>\n\t\t\t\n\t\t<\/div>\n\t\t\t\t\t\t<\/div>\n\t\t\t\t<\/div>\n\t\t\t\t<div class=\"elementor-element elementor-element-976b018 animated-slow elementor-widget elementor-widget-text-editor\" data-id=\"976b018\" data-element_type=\"widget\" data-e-type=\"widget\" data-settings=\"{&quot;_animation&quot;:&quot;none&quot;}\" data-widget_type=\"text-editor.default\">\n\t\t\t\t<div class=\"elementor-widget-container\">\n\t\t\t\t\t\t\t\t\t<p>El turismo responsable tambi\u00e9n implica apoyar a la comunidad que nos rodea. Hotel Grano de Oro se enorgullece de colaborar con Casa Luz, una organizaci\u00f3n local que brinda apoyo y oportunidades a madres j\u00f3venes y a sus hijos.<br \/>A trav\u00e9s de iniciativas de recaudaci\u00f3n de fondos, eventos y una colaboraci\u00f3n continua, nos sentimos honrados de contribuir a la valiosa labor que<span style=\"color: #000000;\"> <a style=\"color: #000000;\" href=\"\/es\/our-social-impact\/\"><strong>Casa Luz<\/strong><\/a><\/span> realiza en nuestra comunidad.<\/p>\t\t\t\t\t\t\t\t<\/div>\n\t\t\t\t<\/div>\n\t\t\t\t<\/div>\n\t\t<div class=\"elementor-element elementor-element-f8a4f75 e-con-full e-flex wpr-column-slider-no wpr-equal-height-no e-con e-child\" data-id=\"f8a4f75\" data-element_type=\"container\" data-e-type=\"container\" data-settings=\"{&quot;background_background&quot;:&quot;classic&quot;}\">\n\t\t\t\t<div class=\"elementor-element elementor-element-9ecfdd2 animated-slow elementor-view-default elementor-position-block-start elementor-mobile-position-block-start elementor-widget elementor-widget-icon-box\" data-id=\"9ecfdd2\" data-element_type=\"widget\" data-e-type=\"widget\" data-settings=\"{&quot;_animation&quot;:&quot;none&quot;}\" data-widget_type=\"icon-box.default\">\n\t\t\t\t<div class=\"elementor-widget-container\">\n\t\t\t\t\t\t\t<div class=\"elementor-icon-box-wrapper\">\n\n\t\t\t\t\t\t<div class=\"elementor-icon-box-icon\">\n\t\t\t\t<span  class=\"elementor-icon\">\n\t\t\t\t<i aria-hidden=\"true\" class=\"icon icon-target-2\"><\/i>\t\t\t\t<\/span>\n\t\t\t<\/div>\n\t\t\t\n\t\t\t\t\t\t<div class=\"elementor-icon-box-content\">\n\n\t\t\t\t\t\t\t\t\t<h3 class=\"elementor-icon-box-title\">\n\t\t\t\t\t\t<span  >\n\t\t\t\t\t\t\tUn Compromiso en Evoluci\u00f3n\t\t\t\t\t\t<\/span>\n\t\t\t\t\t<\/h3>\n\t\t\t\t\n\t\t\t\t\n\t\t\t<\/div>\n\t\t\t\n\t\t<\/div>\n\t\t\t\t\t\t<\/div>\n\t\t\t\t<\/div>\n\t\t\t\t<div class=\"elementor-element elementor-element-3780cc9 animated-slow elementor-widget elementor-widget-text-editor\" data-id=\"3780cc9\" data-element_type=\"widget\" data-e-type=\"widget\" data-settings=\"{&quot;_animation&quot;:&quot;none&quot;}\" data-widget_type=\"text-editor.default\">\n\t\t\t\t<div class=\"elementor-widget-container\">\n\t\t\t\t\t\t\t\t\tLa sostenibilidad no es un programa puntual, sino un compromiso permanente. A medida que continuamos evolucionando, buscamos nuevas formas de operar de manera m\u00e1s responsable, sin perder la atm\u00f3sfera \u00edntima y acogedora que siempre ha distinguido al Hotel Grano de Oro.\nNos sentimos agradecidos de poder compartir este bello pa\u00eds con nuestros hu\u00e9spedes y mantenemos nuestro compromiso de proteger la riqueza natural y cultural que hace de Costa Rica un lugar tan especial.\n\t\t\t\t\t\t\t\t<\/div>\n\t\t\t\t<\/div>\n\t\t\t\t<\/div>\n\t\t\t\t<\/div>\n\t\t\t\t\t<\/div>\n\t\t\t\t<\/div>\n\t\t\t\t<\/div>\n\t\t","protected":false},"excerpt":{"rendered":"<p>Sostenibilidad En Hotel Grano de Oro, la hospitalidad es inseparable de un profundo respeto por el entorno y la comunidad que hacen de Costa Rica un lugar tan extraordinario. Nuestra filosof\u00eda es simple: el lujo nunca debe lograrse a costa de la belleza natural, la cultura y las personas que definen este pa\u00eds.Procuramos operar de manera consciente y responsable, tomando decisiones que reduzcan nuestro impacto ambiental, sin dejar de preservar la calidez, el confort y la atenci\u00f3n al detalle que caracterizan la experiencia Grano de Oro. Hospitalidad Responsable En todo el hotel implementamos medidas para minimizar nuestra huella ambiental mediante el uso responsable de energ\u00eda y agua, iluminaci\u00f3n y equipos eficientes, as\u00ed como pr\u00e1cticas operativas orientadas a reducir los residuos. Estas acciones nos permiten mantener los altos est\u00e1ndares de un hotel boutique de lujo mientras operamos con un mayor cuidado por el medio ambiente. Igualmente importante es nuestro compromiso con la preservaci\u00f3n del car\u00e1cter hist\u00f3rico de nuestro edificio. Al restaurar y mantener este referente arquitect\u00f3nico, en lugar de reemplazarlo, celebramos el patrimonio de San Jos\u00e9 al tiempo que adoptamos un enfoque m\u00e1s sostenible hacia la hospitalidad. Celebrando Costa Rica La cultura y la artesan\u00eda costarricense forman parte esencial de la experiencia que compartimos con nuestros hu\u00e9spedes. Muchos de los muebles del hotel, incluidos los de nuestras habitaciones, han sido elaborados en Costa Rica por artesanos locales. Asimismo, a lo largo de la propiedad se exhiben obras originales de artistas costarricenses que reflejan la vibrante creatividad del pa\u00eds. Nuestro restaurante destaca ingredientes de temporada y trabaja, siempre que es posible, con agricultores y proveedores locales, resaltando los ricos sabores de la regi\u00f3n. En nuestra tienda de regalos ofrecemos exclusivamente productos elaborados en Costa Rica, apoyando a artesanos y productores locales y brindando a nuestros hu\u00e9spedes recuerdos aut\u00e9nticos que reflejan la creatividad y las tradiciones del pa\u00eds. Compromiso con la Comunidad El turismo responsable tambi\u00e9n implica apoyar a la comunidad que nos rodea. Hotel Grano de Oro se enorgullece de colaborar con Casa Luz, una organizaci\u00f3n local que brinda apoyo y oportunidades a madres j\u00f3venes y a sus hijos.A trav\u00e9s de iniciativas de recaudaci\u00f3n de fondos, eventos y una colaboraci\u00f3n continua, nos sentimos honrados de contribuir a la valiosa labor que Casa Luz realiza en nuestra comunidad. Un Compromiso en Evoluci\u00f3n La sostenibilidad no es un programa puntual, sino un compromiso permanente. A medida que continuamos evolucionando, buscamos nuevas formas de operar de manera m\u00e1s responsable, sin perder la atm\u00f3sfera \u00edntima y acogedora que siempre ha distinguido al Hotel Grano de Oro. Nos sentimos agradecidos de poder compartir este bello pa\u00eds con nuestros hu\u00e9spedes y mantenemos nuestro compromiso de proteger la riqueza natural y cultural que hace de Costa Rica un lugar tan especial.<\/p>\n","protected":false},"author":1,"featured_media":0,"parent":0,"menu_order":0,"comment_status":"closed","ping_status":"closed","template":"elementor_header_footer","meta":{"footnotes":""},"class_list":["post-5092","page","type-page","status-publish","hentry"],"_links":{"self":[{"href":"https:\/\/www.hotelgranodeoro.com\/es\/wp-json\/wp\/v2\/pages\/5092","targetHints":{"allow":["GET"]}}],"collection":[{"href":"https:\/\/www.hotelgranodeoro.com\/es\/wp-json\/wp\/v2\/pages"}],"about":[{"href":"https:\/\/www.hotelgranodeoro.com\/es\/wp-json\/wp\/v2\/types\/page"}],"author":[{"embeddable":true,"href":"https:\/\/www.hotelgranodeoro.com\/es\/wp-json\/wp\/v2\/users\/1"}],"replies":[{"embeddable":true,"href":"https:\/\/www.hotelgranodeoro.com\/es\/wp-json\/wp\/v2\/comments?post=5092"}],"version-history":[{"count":52,"href":"https:\/\/www.hotelgranodeoro.com\/es\/wp-json\/wp\/v2\/pages\/5092\/revisions"}],"predecessor-version":[{"id":7274,"href":"https:\/\/www.hotelgranodeoro.com\/es\/wp-json\/wp\/v2\/pages\/5092\/revisions\/7274"}],"wp:attachment":[{"href":"https:\/\/www.hotelgranodeoro.com\/es\/wp-json\/wp\/v2\/media?parent=5092"}],"curies":[{"name":"wp","href":"https:\/\/api.w.org\/{rel}","templated":true}]}}