{"id":5093,"date":"2025-12-29T16:38:53","date_gmt":"2025-12-29T16:38:53","guid":{"rendered":"https:\/\/www.hotelgranodeoro.com\/why-grano-de-oro\/"},"modified":"2026-04-09T22:10:19","modified_gmt":"2026-04-09T22:10:19","slug":"hotel-grano-de-oro","status":"publish","type":"page","link":"https:\/\/www.hotelgranodeoro.com\/es\/hotel-grano-de-oro\/","title":{"rendered":"Hotel grano de oro"},"content":{"rendered":"\t\t<div data-elementor-type=\"wp-page\" data-elementor-id=\"5093\" class=\"elementor elementor-5093\">\n\t\t\t\t<div class=\"elementor-element elementor-element-e11396b e-con-full e-flex wpr-column-slider-no wpr-equal-height-no e-con e-parent\" data-id=\"e11396b\" data-element_type=\"container\" data-e-type=\"container\" data-settings=\"{&quot;background_background&quot;:&quot;classic&quot;}\">\n\t\t\t\t<div class=\"elementor-element elementor-element-3d7fc14 elementor-widget elementor-widget-spacer\" data-id=\"3d7fc14\" data-element_type=\"widget\" data-e-type=\"widget\" data-widget_type=\"spacer.default\">\n\t\t\t\t<div class=\"elementor-widget-container\">\n\t\t\t\t\t\t\t<div class=\"elementor-spacer\">\n\t\t\t<div class=\"elementor-spacer-inner\"><\/div>\n\t\t<\/div>\n\t\t\t\t\t\t<\/div>\n\t\t\t\t<\/div>\n\t\t\t\t<\/div>\n\t\t<div class=\"elementor-element elementor-element-b486f4c animated-slow e-flex e-con-boxed wpr-column-slider-no wpr-equal-height-no elementor-invisible e-con e-parent\" data-id=\"b486f4c\" data-element_type=\"container\" data-e-type=\"container\" data-settings=\"{&quot;animation&quot;:&quot;fadeIn&quot;,&quot;animation_mobile&quot;:&quot;none&quot;}\">\n\t\t\t\t\t<div class=\"e-con-inner\">\n\t\t\t\t<div class=\"elementor-element elementor-element-413c717 elementor-widget elementor-widget-image\" data-id=\"413c717\" data-element_type=\"widget\" data-e-type=\"widget\" data-widget_type=\"image.default\">\n\t\t\t\t<div class=\"elementor-widget-container\">\n\t\t\t\t\t\t\t\t\t\t\t\t\t\t\t<img decoding=\"async\" width=\"100\" height=\"100\" src=\"https:\/\/www.hotelgranodeoro.com\/wp-content\/uploads\/2025\/04\/icon-logo-deco.png\" class=\"attachment-full size-full wp-image-1864\" alt=\"\" \/>\t\t\t\t\t\t\t\t\t\t\t\t\t\t\t<\/div>\n\t\t\t\t<\/div>\n\t\t\t\t<div class=\"elementor-element elementor-element-7d9605d elementor-widget elementor-widget-heading\" data-id=\"7d9605d\" data-element_type=\"widget\" data-e-type=\"widget\" data-settings=\"{&quot;_animation&quot;:&quot;none&quot;}\" data-widget_type=\"heading.default\">\n\t\t\t\t<div class=\"elementor-widget-container\">\n\t\t\t\t\t<h2 class=\"elementor-heading-title elementor-size-default\">\u00bfPor qu\u00e9 Grano de Oro?<\/h2>\t\t\t\t<\/div>\n\t\t\t\t<\/div>\n\t\t\t\t<div class=\"elementor-element elementor-element-f9a04ad animated-slow elementor-widget-divider--view-line elementor-widget elementor-widget-divider\" data-id=\"f9a04ad\" data-element_type=\"widget\" data-e-type=\"widget\" data-settings=\"{&quot;_animation&quot;:&quot;none&quot;}\" data-widget_type=\"divider.default\">\n\t\t\t\t<div class=\"elementor-widget-container\">\n\t\t\t\t\t\t\t<div class=\"elementor-divider\">\n\t\t\t<span class=\"elementor-divider-separator\">\n\t\t\t\t\t\t<\/span>\n\t\t<\/div>\n\t\t\t\t\t\t<\/div>\n\t\t\t\t<\/div>\n\t\t\t\t\t<\/div>\n\t\t\t\t<\/div>\n\t\t<div class=\"elementor-element elementor-element-72801af animated-slow e-flex e-con-boxed wpr-column-slider-no wpr-equal-height-no elementor-invisible e-con e-parent\" data-id=\"72801af\" data-element_type=\"container\" data-e-type=\"container\" data-settings=\"{&quot;background_background&quot;:&quot;classic&quot;,&quot;animation&quot;:&quot;fadeIn&quot;,&quot;animation_mobile&quot;:&quot;none&quot;}\">\n\t\t\t\t\t<div class=\"e-con-inner\">\n\t\t\t\t<div class=\"elementor-element elementor-element-135be1c elementor-widget elementor-widget-heading\" data-id=\"135be1c\" data-element_type=\"widget\" data-e-type=\"widget\" data-widget_type=\"heading.default\">\n\t\t\t\t<div class=\"elementor-widget-container\">\n\t\t\t\t\t<h2 class=\"elementor-heading-title elementor-size-default\">Porque el lujo del Viejo San Jos\u00e9 no deber\u00eda ser dif\u00edcil de encontrar.<\/h2>\t\t\t\t<\/div>\n\t\t\t\t<\/div>\n\t\t<div class=\"elementor-element elementor-element-e64cdc9 e-con-full e-flex wpr-column-slider-no wpr-equal-height-no e-con e-child\" data-id=\"e64cdc9\" data-element_type=\"container\" data-e-type=\"container\">\n\t\t<div class=\"elementor-element elementor-element-3f19402 e-con-full e-flex wpr-column-slider-no wpr-equal-height-no e-con e-child\" data-id=\"3f19402\" data-element_type=\"container\" data-e-type=\"container\">\n\t\t\t\t<div class=\"elementor-element elementor-element-d650fc7 animated-slow elementor-widget elementor-widget-text-editor\" data-id=\"d650fc7\" data-element_type=\"widget\" data-e-type=\"widget\" data-settings=\"{&quot;_animation&quot;:&quot;none&quot;}\" data-widget_type=\"text-editor.default\">\n\t\t\t\t<div class=\"elementor-widget-container\">\n\t\t\t\t\t\t\t\t\t<p><strong>El Hotel Grano de Oro es un peque\u00f1o y lujoso hotel boutique, convertido a partir de una mansi\u00f3n tropical victoriana de 100 a\u00f1os de antig\u00fcedad. Hermoso, impecable y bien conservado. Perm\u00edtanos transportarle al pasado, a la elegancia del antiguo San Jos\u00e9.<br \/><\/strong><br \/>Si busca el ambiente encantador de una magn\u00edfica casa de \u00e9poca con elegantes habitaciones, una cava galardonada y una deliciosa gastronom\u00eda, este es el lugar ideal.<\/p><p><strong>El Hotel Grano de Oro, antiguo hogar de tres generaciones de la familia Pozuelo, guarda una historia en cada uno de sus pasillos.<br \/><\/strong><br \/>Quedar\u00e1 cautivado por estos pasajes a otra \u00e9poca. Las fotograf\u00edas hist\u00f3ricas y las impresionantes antig\u00fcedades revelan los secretos y evocan los recuerdos de la rica y profunda historia de la ciudad.<\/p><p>Nuestro hotel boutique patrimonial est\u00e1 situado junto al Paseo Col\u00f3n, la calle principal de San Jos\u00e9. Maravillosamente escondido y, sin embargo, a poca distancia del bullicioso centro de San Jos\u00e9. Se encuentra a solo 25 minutos en coche del Aeropuerto Internacional Juan Santamar\u00eda, Costa Rica.<\/p><p>Tenga la seguridad de que cada estancia es lujosa y sostenible. Somos miembros fundadores de la Small Distinctive Hotels Collection y miembros de The Cayuga Collection of Sustainable Luxury Hotels &amp; Lodges.<\/p><p>Cada decisi\u00f3n que tomamos en el Hotel Grano de Oro est\u00e1 guiada por nuestro compromiso con la sostenibilidad, la excelencia y el impacto en la comunidad.<br \/>Porque si tiene una noche en San Jos\u00e9, haga que sea memorable.<br \/>Nuestro gran hotel patrimonial es un destino en s\u00ed mismo.<\/p>\t\t\t\t\t\t\t\t<\/div>\n\t\t\t\t<\/div>\n\t\t\t\t<\/div>\n\t\t<div class=\"elementor-element elementor-element-5d5c4ef e-con-full animated-slow elementor-hidden-mobile e-flex wpr-column-slider-no wpr-equal-height-no e-con e-child\" data-id=\"5d5c4ef\" data-element_type=\"container\" data-e-type=\"container\" data-settings=\"{&quot;background_background&quot;:&quot;slideshow&quot;,&quot;background_slideshow_gallery&quot;:[{&quot;id&quot;:2778,&quot;url&quot;:&quot;https:\\\/\\\/www.hotelgranodeoro.com\\\/wp-content\\\/uploads\\\/2025\\\/12\\\/home-page-5.jpg&quot;},{&quot;id&quot;:2770,&quot;url&quot;:&quot;https:\\\/\\\/www.hotelgranodeoro.com\\\/wp-content\\\/uploads\\\/2025\\\/12\\\/home-page-1.jpg&quot;},{&quot;id&quot;:2944,&quot;url&quot;:&quot;https:\\\/\\\/www.hotelgranodeoro.com\\\/wp-content\\\/uploads\\\/2025\\\/12\\\/slider-8.jpg&quot;},{&quot;id&quot;:2940,&quot;url&quot;:&quot;https:\\\/\\\/www.hotelgranodeoro.com\\\/wp-content\\\/uploads\\\/2025\\\/12\\\/slider-6.jpg&quot;},{&quot;id&quot;:2942,&quot;url&quot;:&quot;https:\\\/\\\/www.hotelgranodeoro.com\\\/wp-content\\\/uploads\\\/2025\\\/12\\\/slider-7.jpg&quot;},{&quot;id&quot;:2934,&quot;url&quot;:&quot;https:\\\/\\\/www.hotelgranodeoro.com\\\/wp-content\\\/uploads\\\/2025\\\/12\\\/slider-3.jpg&quot;}],&quot;background_slideshow_ken_burns&quot;:&quot;yes&quot;,&quot;animation&quot;:&quot;none&quot;,&quot;background_slideshow_loop&quot;:&quot;yes&quot;,&quot;background_slideshow_slide_duration&quot;:5000,&quot;background_slideshow_slide_transition&quot;:&quot;fade&quot;,&quot;background_slideshow_transition_duration&quot;:500,&quot;background_slideshow_ken_burns_zoom_direction&quot;:&quot;in&quot;}\">\n\t\t\t\t<\/div>\n\t\t\t\t<\/div>\n\t\t\t\t\t<\/div>\n\t\t\t\t<\/div>\n\t\t<div class=\"elementor-element elementor-element-1292bb8 animated-slow e-flex e-con-boxed wpr-column-slider-no wpr-equal-height-no elementor-invisible e-con e-parent\" data-id=\"1292bb8\" data-element_type=\"container\" data-e-type=\"container\" data-settings=\"{&quot;animation&quot;:&quot;fadeIn&quot;,&quot;animation_mobile&quot;:&quot;none&quot;,&quot;background_background&quot;:&quot;classic&quot;}\">\n\t\t\t\t\t<div class=\"e-con-inner\">\n\t\t\t\t<div class=\"elementor-element elementor-element-4ec7f5a elementor-widget elementor-widget-image\" data-id=\"4ec7f5a\" data-element_type=\"widget\" data-e-type=\"widget\" data-widget_type=\"image.default\">\n\t\t\t\t<div class=\"elementor-widget-container\">\n\t\t\t\t\t\t\t\t\t\t\t\t\t\t\t<img fetchpriority=\"high\" decoding=\"async\" width=\"512\" height=\"512\" src=\"https:\/\/www.hotelgranodeoro.com\/wp-content\/uploads\/2025\/12\/cropped-icon-logo-deco-white.png\" class=\"attachment-full size-full wp-image-3694\" alt=\"\" srcset=\"https:\/\/www.hotelgranodeoro.com\/wp-content\/uploads\/2025\/12\/cropped-icon-logo-deco-white.png 512w, https:\/\/www.hotelgranodeoro.com\/wp-content\/uploads\/2025\/12\/cropped-icon-logo-deco-white-300x300.png 300w, https:\/\/www.hotelgranodeoro.com\/wp-content\/uploads\/2025\/12\/cropped-icon-logo-deco-white-150x150.png 150w\" sizes=\"(max-width: 512px) 100vw, 512px\" \/>\t\t\t\t\t\t\t\t\t\t\t\t\t\t\t<\/div>\n\t\t\t\t<\/div>\n\t\t\t\t<div class=\"elementor-element elementor-element-fcbb864 elementor-widget elementor-widget-heading\" data-id=\"fcbb864\" data-element_type=\"widget\" data-e-type=\"widget\" data-settings=\"{&quot;_animation&quot;:&quot;none&quot;}\" data-widget_type=\"heading.default\">\n\t\t\t\t<div class=\"elementor-widget-container\">\n\t\t\t\t\t<h2 class=\"elementor-heading-title elementor-size-default\">\u00bfEs Grano de Oro adecuado para m\u00ed?<\/h2>\t\t\t\t<\/div>\n\t\t\t\t<\/div>\n\t\t\t\t<div class=\"elementor-element elementor-element-d2b8d61 animated-slow elementor-widget-divider--view-line elementor-widget elementor-widget-divider\" data-id=\"d2b8d61\" data-element_type=\"widget\" data-e-type=\"widget\" data-settings=\"{&quot;_animation&quot;:&quot;none&quot;}\" data-widget_type=\"divider.default\">\n\t\t\t\t<div class=\"elementor-widget-container\">\n\t\t\t\t\t\t\t<div class=\"elementor-divider\">\n\t\t\t<span class=\"elementor-divider-separator\">\n\t\t\t\t\t\t<\/span>\n\t\t<\/div>\n\t\t\t\t\t\t<\/div>\n\t\t\t\t<\/div>\n\t\t<div class=\"elementor-element elementor-element-f9bf582 e-con-full e-flex wpr-column-slider-no wpr-equal-height-no e-con e-child\" data-id=\"f9bf582\" data-element_type=\"container\" data-e-type=\"container\">\n\t\t<div class=\"elementor-element elementor-element-1160e6e e-con-full e-flex wpr-column-slider-no wpr-equal-height-no e-con e-child\" data-id=\"1160e6e\" data-element_type=\"container\" data-e-type=\"container\">\n\t\t<div class=\"elementor-element elementor-element-084b4fc e-con-full e-flex wpr-column-slider-no wpr-equal-height-no e-con e-child\" data-id=\"084b4fc\" data-element_type=\"container\" data-e-type=\"container\">\n\t\t\t\t<div class=\"elementor-element elementor-element-2036ef2 elementor-widget elementor-widget-ha-carousel happy-addon ha-carousel\" data-id=\"2036ef2\" data-element_type=\"widget\" data-e-type=\"widget\" data-settings=\"{&quot;animation_speed&quot;:900,&quot;slides_to_show&quot;:&quot;1&quot;,&quot;slides_to_show_tablet&quot;:&quot;1&quot;,&quot;slides_to_show_mobile&quot;:&quot;1&quot;,&quot;vertical&quot;:&quot;yes&quot;,&quot;autoplay&quot;:&quot;yes&quot;,&quot;autoplay_speed&quot;:3000,&quot;loop&quot;:&quot;yes&quot;,&quot;navigation&quot;:&quot;arrow&quot;,&quot;slides_transition&quot;:&quot;slide&quot;}\" data-widget_type=\"ha-carousel.default\">\n\t\t\t\t<div class=\"elementor-widget-container\">\n\t\t\t\t\t\n\t\t<div data-ha_rcc_uid=\"\" class=\"hajs-slick ha-slick ha-slick--carousel\">\n\n\t\t\t\n\t\t\t\t<div class=\"ha-slick-slide slick-slide\">\n\t\t\t\t\t<a class=\"ha-slick-item\" href=\"\/es\/since-1910\/\">\n\t\t\t\t\t\t\t\t\t\t\t\t\t<img decoding=\"async\" class=\"ha-slick-img\" src=\"https:\/\/www.hotelgranodeoro.com\/wp-content\/uploads\/2025\/12\/why-grano-oro-1.jpg\" alt=\"Conozca nuestro hotel hist\u00f3rico\">\n\t\t\t\t\t\t\n\t\t\t\t\t\t\t\t\t\t\t\t\t<div class=\"ha-slick-content\">\n\t\t\t\t\t\t\t\t<h2 class=\"ha-slick-title\">Conozca nuestro hotel hist\u00f3rico<\/h2>\t\t\t\t\t\t\t\t\t\t\t\t\t\t\t\t\t<p class=\"ha-slick-subtitle\">Conservamos toda la elegancia de 1910 \u2022 <b><u>Ver m\u00e1s<\/u><\/b><\/p>\n\t\t\t\t\t\t\t\t\t\t\t\t\t\t\t<\/div>\n\t\t\t\t\t\t\t\t\t\t\t<\/a>\n\t\t\t\t<\/div>\n\n\t\t\t\n\t\t\t\t<div class=\"ha-slick-slide slick-slide\">\n\t\t\t\t\t<a class=\"ha-slick-item\" href=\"https:\/\/www.hotelgranodeoro.com\/es\/rooms-suites\/\">\n\t\t\t\t\t\t\t\t\t\t\t\t\t<img decoding=\"async\" class=\"ha-slick-img\" src=\"https:\/\/www.hotelgranodeoro.com\/wp-content\/uploads\/2025\/12\/why-grano-oro-2.jpg\" alt=\"Cualquier estancia aqu\u00ed, independientemente de su duraci\u00f3n, es una experiencia grandiosa.\">\n\t\t\t\t\t\t\n\t\t\t\t\t\t\t\t\t\t\t\t\t<div class=\"ha-slick-content\">\n\t\t\t\t\t\t\t\t<h2 class=\"ha-slick-title\">Cualquier estancia aqu\u00ed, independientemente de su duraci\u00f3n, es una experiencia grandiosa.<\/h2>\t\t\t\t\t\t\t\t\t\t\t\t\t\t\t\t\t<p class=\"ha-slick-subtitle\">Disfrute de nuestras suites y habitaciones de lujo y d\u00e9jenos transportarle al antiguo San Jos\u00e9. \u2022 <b><u>Ver m\u00e1s<\/u><\/b><\/p>\n\t\t\t\t\t\t\t\t\t\t\t\t\t\t\t<\/div>\n\t\t\t\t\t\t\t\t\t\t\t<\/a>\n\t\t\t\t<\/div>\n\n\t\t\t\n\t\t\t\t<div class=\"ha-slick-slide slick-slide\">\n\t\t\t\t\t<a class=\"ha-slick-item\" href=\"\/es\/restaurant\/\">\n\t\t\t\t\t\t\t\t\t\t\t\t\t<img decoding=\"async\" class=\"ha-slick-img\" src=\"https:\/\/www.hotelgranodeoro.com\/wp-content\/uploads\/2025\/12\/why-grano-oro-3.jpg\" alt=\"De una modesta cafeter\u00eda a uno de los restaurantes m\u00e1s apreciados de San Jos\u00e9\">\n\t\t\t\t\t\t\n\t\t\t\t\t\t\t\t\t\t\t\t\t<div class=\"ha-slick-content\">\n\t\t\t\t\t\t\t\t<h2 class=\"ha-slick-title\">De una modesta cafeter\u00eda a uno de los restaurantes m\u00e1s apreciados de San Jos\u00e9<\/h2>\t\t\t\t\t\t\t\t\t\t\t\t\t\t\t\t\t<p class=\"ha-slick-subtitle\">Cocina tropical francesa mediterr\u00e1nea, preparada con maestr\u00eda \u2022 <b><u>Ver m\u00e1s<\/u><\/b><\/p>\n\t\t\t\t\t\t\t\t\t\t\t\t\t\t\t<\/div>\n\t\t\t\t\t\t\t\t\t\t\t<\/a>\n\t\t\t\t<\/div>\n\n\t\t\t\n\t\t\t\t<div class=\"ha-slick-slide slick-slide\">\n\t\t\t\t\t<a class=\"ha-slick-item\" href=\"\/es\/experiences\/\">\n\t\t\t\t\t\t\t\t\t\t\t\t\t<img decoding=\"async\" class=\"ha-slick-img\" src=\"https:\/\/www.hotelgranodeoro.com\/wp-content\/uploads\/2025\/12\/why-grano-oro-5.jpg\" alt=\"Descubra la grandeza de San Jos\u00e9, nuestra capital cultural.\">\n\t\t\t\t\t\t\n\t\t\t\t\t\t\t\t\t\t\t\t\t<div class=\"ha-slick-content\">\n\t\t\t\t\t\t\t\t<h2 class=\"ha-slick-title\">Descubra la grandeza de San Jos\u00e9, nuestra capital cultural.<\/h2>\t\t\t\t\t\t\t\t\t\t\t\t\t\t\t\t\t<p class=\"ha-slick-subtitle\">Conozca el atractivo multidimensional de San Jos\u00e9 \u2022 <b><u>Ver m\u00e1s<\/u><\/b><\/p>\n\t\t\t\t\t\t\t\t\t\t\t\t\t\t\t<\/div>\n\t\t\t\t\t\t\t\t\t\t\t<\/a>\n\t\t\t\t<\/div>\n\n\t\t\t\n\t\t\t\t<div class=\"ha-slick-slide slick-slide\">\n\t\t\t\t\t<a class=\"ha-slick-item\" href=\"\/es\/sustainability\/\">\n\t\t\t\t\t\t\t\t\t\t\t\t\t<img decoding=\"async\" class=\"ha-slick-img\" src=\"https:\/\/www.hotelgranodeoro.com\/wp-content\/uploads\/2025\/12\/why-grano-oro-6.jpg\" alt=\"Te alojar\u00e1s en un hotel hist\u00f3rico de lujo sostenible.\">\n\t\t\t\t\t\t\n\t\t\t\t\t\t\t\t\t\t\t\t\t<div class=\"ha-slick-content\">\n\t\t\t\t\t\t\t\t<h2 class=\"ha-slick-title\">Te alojar\u00e1s en un hotel hist\u00f3rico de lujo sostenible.<\/h2>\t\t\t\t\t\t\t\t\t\t\t\t\t\t\t\t\t<p class=\"ha-slick-subtitle\">Cada decisi\u00f3n que tomamos est\u00e1 guiada por nuestro compromiso con la sostenibilidad, la excelencia y el impacto en la comunidad. \u2022 <b><u>Ver m\u00e1s<\/u><\/b><\/p>\n\t\t\t\t\t\t\t\t\t\t\t\t\t\t\t<\/div>\n\t\t\t\t\t\t\t\t\t\t\t<\/a>\n\t\t\t\t<\/div>\n\n\t\t\t\n\t\t\t\t<div class=\"ha-slick-slide slick-slide\">\n\t\t\t\t\t<a class=\"ha-slick-item\" href=\"\/es\/our-social-impact\/\">\n\t\t\t\t\t\t\t\t\t\t\t\t\t<img decoding=\"async\" class=\"ha-slick-img\" src=\"https:\/\/www.hotelgranodeoro.com\/wp-content\/uploads\/2025\/12\/why-grano-oro-7.jpg\" alt=\"Cuando te alojas y comes en el Hotel Grano de Oro, te unes a nosotros para apoyar a Casa Luz.\">\n\t\t\t\t\t\t\n\t\t\t\t\t\t\t\t\t\t\t\t\t<div class=\"ha-slick-content\">\n\t\t\t\t\t\t\t\t<h2 class=\"ha-slick-title\">Cuando te alojas y comes en el Hotel Grano de Oro, te unes a nosotros para apoyar a Casa Luz.<\/h2>\t\t\t\t\t\t\t\t\t\t\t\t\t\t\t\t\t<p class=\"ha-slick-subtitle\">Creamos un hogar para madres j\u00f3venes y sus hijos que no tienen otro lugar adonde ir. \u2022 <b><u>Ver m\u00e1s<\/u><\/b><\/p>\n\t\t\t\t\t\t\t\t\t\t\t\t\t\t\t<\/div>\n\t\t\t\t\t\t\t\t\t\t\t<\/a>\n\t\t\t\t<\/div>\n\n\t\t\t\n\t\t<\/div>\n\n\t\t\t\t\t<button type=\"button\" class=\"slick-prev\"><svg aria-hidden=\"true\" class=\"e-font-icon-svg e-fas-chevron-left\" viewBox=\"0 0 320 512\" xmlns=\"http:\/\/www.w3.org\/2000\/svg\"><path d=\"M34.52 239.03L228.87 44.69c9.37-9.37 24.57-9.37 33.94 0l22.67 22.67c9.36 9.36 9.37 24.52.04 33.9L131.49 256l154.02 154.75c9.34 9.38 9.32 24.54-.04 33.9l-22.67 22.67c-9.37 9.37-24.57 9.37-33.94 0L34.52 272.97c-9.37-9.37-9.37-24.57 0-33.94z\"><\/path><\/svg><\/button>\n\t\t\n\t\t\t\t\t<button type=\"button\" class=\"slick-next\"><svg aria-hidden=\"true\" class=\"e-font-icon-svg e-fas-chevron-right\" viewBox=\"0 0 320 512\" xmlns=\"http:\/\/www.w3.org\/2000\/svg\"><path d=\"M285.476 272.971L91.132 467.314c-9.373 9.373-24.569 9.373-33.941 0l-22.667-22.667c-9.357-9.357-9.375-24.522-.04-33.901L188.505 256 34.484 101.255c-9.335-9.379-9.317-24.544.04-33.901l22.667-22.667c9.373-9.373 24.569-9.373 33.941 0L285.475 239.03c9.373 9.372 9.373 24.568.001 33.941z\"><\/path><\/svg><\/button>\n\t\t\n\t\t\t\t\t\t<\/div>\n\t\t\t\t<\/div>\n\t\t\t\t<\/div>\n\t\t\t\t<\/div>\n\t\t\t\t<\/div>\n\t\t\t\t\t<\/div>\n\t\t\t\t<\/div>\n\t\t<div class=\"elementor-element elementor-element-395388f animated-slow e-flex e-con-boxed wpr-column-slider-no wpr-equal-height-no elementor-invisible e-con e-parent\" data-id=\"395388f\" data-element_type=\"container\" data-e-type=\"container\" data-settings=\"{&quot;background_background&quot;:&quot;classic&quot;,&quot;animation&quot;:&quot;fadeIn&quot;,&quot;animation_mobile&quot;:&quot;none&quot;}\">\n\t\t\t\t\t<div class=\"e-con-inner\">\n\t\t\t\t<div class=\"elementor-element elementor-element-04a9b0e elementor-widget elementor-widget-testimonial\" data-id=\"04a9b0e\" data-element_type=\"widget\" data-e-type=\"widget\" data-widget_type=\"testimonial.default\">\n\t\t\t\t<div class=\"elementor-widget-container\">\n\t\t\t\t\t\t\t<div class=\"elementor-testimonial-wrapper\">\n\t\t\t\t\t\t\t<div class=\"elementor-testimonial-content\"><b>Llevo m\u00e1s de 21 a\u00f1os comiendo en este restaurante cuando voy a San Jos\u00e9.<\/b><br>\u00abPuedo pedir con confianza cualquier plato del men\u00fa. Y recuerdo sus postres mucho tiempo despu\u00e9s...\u00bb.<\/div>\n\t\t\t\n\t\t\t\t\t\t<div class=\"elementor-testimonial-meta\">\n\t\t\t\t<div class=\"elementor-testimonial-meta-inner\">\n\t\t\t\t\t\n\t\t\t\t\t\t\t\t\t\t<div class=\"elementor-testimonial-details\">\n\t\t\t\t\t\t\t\t\t\t\t\t\t\t<div class=\"elementor-testimonial-name\">-Julie,<\/div>\n\t\t\t\t\t\t\t\t\t\t\t\t\t\t\t\t\t\t\t\t\t\t<div class=\"elementor-testimonial-job\">TripAdvisor<\/div>\n\t\t\t\t\t\t\t\t\t\t\t\t\t<\/div>\n\t\t\t\t\t\t\t\t\t<\/div>\n\t\t\t<\/div>\n\t\t\t\t\t<\/div>\n\t\t\t\t\t\t<\/div>\n\t\t\t\t<\/div>\n\t\t\t\t<div class=\"elementor-element elementor-element-467b5e1 elementor-align-center animated-slow elementor-widget elementor-widget-button\" data-id=\"467b5e1\" data-element_type=\"widget\" data-e-type=\"widget\" data-settings=\"{&quot;_animation&quot;:&quot;none&quot;}\" data-widget_type=\"button.default\">\n\t\t\t\t<div class=\"elementor-widget-container\">\n\t\t\t\t\t\t\t\t\t<div class=\"elementor-button-wrapper\">\n\t\t\t\t\t<a class=\"elementor-button elementor-button-link elementor-size-sm\" href=\"\/es\/contact-us\/\">\n\t\t\t\t\t\t<span class=\"elementor-button-content-wrapper\">\n\t\t\t\t\t\t\t\t\t<span class=\"elementor-button-text\">\u00bfPreguntas sobre nuestras tarifas e inclusiones?<\/span>\n\t\t\t\t\t<\/span>\n\t\t\t\t\t<\/a>\n\t\t\t\t<\/div>\n\t\t\t\t\t\t\t\t<\/div>\n\t\t\t\t<\/div>\n\t\t\t\t\t<\/div>\n\t\t\t\t<\/div>\n\t\t\t\t<\/div>\n\t\t","protected":false},"excerpt":{"rendered":"<p>\u00bfPor qu\u00e9 Grano de Oro? Porque el lujo del Viejo San Jos\u00e9 no deber\u00eda ser dif\u00edcil de encontrar. El Hotel Grano de Oro es un peque\u00f1o y lujoso hotel boutique, convertido a partir de una mansi\u00f3n tropical victoriana de 100 a\u00f1os de antig\u00fcedad. Hermoso, impecable y bien conservado. Perm\u00edtanos transportarle al pasado, a la elegancia del antiguo San Jos\u00e9.Si busca el ambiente encantador de una magn\u00edfica casa de \u00e9poca con elegantes habitaciones, una cava galardonada y una deliciosa gastronom\u00eda, este es el lugar ideal. El Hotel Grano de Oro, antiguo hogar de tres generaciones de la familia Pozuelo, guarda una historia en cada uno de sus pasillos.Quedar\u00e1 cautivado por estos pasajes a otra \u00e9poca. Las fotograf\u00edas hist\u00f3ricas y las impresionantes antig\u00fcedades revelan los secretos y evocan los recuerdos de la rica y profunda historia de la ciudad. Nuestro hotel boutique patrimonial est\u00e1 situado junto al Paseo Col\u00f3n, la calle principal de San Jos\u00e9. Maravillosamente escondido y, sin embargo, a poca distancia del bullicioso centro de San Jos\u00e9. Se encuentra a solo 25 minutos en coche del Aeropuerto Internacional Juan Santamar\u00eda, Costa Rica. Tenga la seguridad de que cada estancia es lujosa y sostenible. Somos miembros fundadores de la Small Distinctive Hotels Collection y miembros de The Cayuga Collection of Sustainable Luxury Hotels &amp; Lodges. Cada decisi\u00f3n que tomamos en el Hotel Grano de Oro est\u00e1 guiada por nuestro compromiso con la sostenibilidad, la excelencia y el impacto en la comunidad.Porque si tiene una noche en San Jos\u00e9, haga que sea memorable.Nuestro gran hotel patrimonial es un destino en s\u00ed mismo. \u00bfEs Grano de Oro adecuado para m\u00ed? Conozca nuestro hotel hist\u00f3rico Conservamos toda la elegancia de 1910 \u2022 Ver m\u00e1s Cualquier estancia aqu\u00ed, independientemente de su duraci\u00f3n, es una experiencia grandiosa. Disfrute de nuestras suites y habitaciones de lujo y d\u00e9jenos transportarle al antiguo San Jos\u00e9. \u2022 Ver m\u00e1s De una modesta cafeter\u00eda a uno de los restaurantes m\u00e1s apreciados de San Jos\u00e9 Cocina tropical francesa mediterr\u00e1nea, preparada con maestr\u00eda \u2022 Ver m\u00e1s Descubra la grandeza de San Jos\u00e9, nuestra capital cultural. Conozca el atractivo multidimensional de San Jos\u00e9 \u2022 Ver m\u00e1s Te alojar\u00e1s en un hotel hist\u00f3rico de lujo sostenible. Cada decisi\u00f3n que tomamos est\u00e1 guiada por nuestro compromiso con la sostenibilidad, la excelencia y el impacto en la comunidad. \u2022 Ver m\u00e1s Cuando te alojas y comes en el Hotel Grano de Oro, te unes a nosotros para apoyar a Casa Luz. Creamos un hogar para madres j\u00f3venes y sus hijos que no tienen otro lugar adonde ir. \u2022 Ver m\u00e1s Llevo m\u00e1s de 21 a\u00f1os comiendo en este restaurante cuando voy a San Jos\u00e9.\u00abPuedo pedir con confianza cualquier plato del men\u00fa. Y recuerdo sus postres mucho tiempo despu\u00e9s&#8230;\u00bb. -Julie, TripAdvisor \u00bfPreguntas sobre nuestras tarifas e inclusiones?<\/p>\n","protected":false},"author":1,"featured_media":0,"parent":0,"menu_order":0,"comment_status":"closed","ping_status":"closed","template":"elementor_header_footer","meta":{"footnotes":""},"class_list":["post-5093","page","type-page","status-publish","hentry"],"_links":{"self":[{"href":"https:\/\/www.hotelgranodeoro.com\/es\/wp-json\/wp\/v2\/pages\/5093","targetHints":{"allow":["GET"]}}],"collection":[{"href":"https:\/\/www.hotelgranodeoro.com\/es\/wp-json\/wp\/v2\/pages"}],"about":[{"href":"https:\/\/www.hotelgranodeoro.com\/es\/wp-json\/wp\/v2\/types\/page"}],"author":[{"embeddable":true,"href":"https:\/\/www.hotelgranodeoro.com\/es\/wp-json\/wp\/v2\/users\/1"}],"replies":[{"embeddable":true,"href":"https:\/\/www.hotelgranodeoro.com\/es\/wp-json\/wp\/v2\/comments?post=5093"}],"version-history":[{"count":58,"href":"https:\/\/www.hotelgranodeoro.com\/es\/wp-json\/wp\/v2\/pages\/5093\/revisions"}],"predecessor-version":[{"id":6999,"href":"https:\/\/www.hotelgranodeoro.com\/es\/wp-json\/wp\/v2\/pages\/5093\/revisions\/6999"}],"wp:attachment":[{"href":"https:\/\/www.hotelgranodeoro.com\/es\/wp-json\/wp\/v2\/media?parent=5093"}],"curies":[{"name":"wp","href":"https:\/\/api.w.org\/{rel}","templated":true}]}}