{"id":6363,"date":"2026-04-01T23:59:35","date_gmt":"2026-04-01T23:59:35","guid":{"rendered":"https:\/\/www.hotelgranodeoro.com\/?page_id=6363"},"modified":"2026-04-06T18:49:19","modified_gmt":"2026-04-06T18:49:19","slug":"formulario-de-reservas-restaurante","status":"publish","type":"page","link":"https:\/\/www.hotelgranodeoro.com\/es\/formulario-de-reservas-restaurante\/","title":{"rendered":"Formulario de reservas restaurante"},"content":{"rendered":"\t\t<div data-elementor-type=\"wp-page\" data-elementor-id=\"6363\" class=\"elementor elementor-6363\">\n\t\t\t\t<div class=\"elementor-element elementor-element-e11396b e-con-full e-flex wpr-column-slider-no wpr-equal-height-no e-con e-parent\" data-id=\"e11396b\" data-element_type=\"container\" data-e-type=\"container\" data-settings=\"{&quot;background_background&quot;:&quot;classic&quot;}\">\n\t\t\t\t<div class=\"elementor-element elementor-element-3d7fc14 elementor-widget elementor-widget-spacer\" data-id=\"3d7fc14\" data-element_type=\"widget\" data-e-type=\"widget\" data-widget_type=\"spacer.default\">\n\t\t\t\t<div class=\"elementor-widget-container\">\n\t\t\t\t\t\t\t<div class=\"elementor-spacer\">\n\t\t\t<div class=\"elementor-spacer-inner\"><\/div>\n\t\t<\/div>\n\t\t\t\t\t\t<\/div>\n\t\t\t\t<\/div>\n\t\t\t\t<\/div>\n\t\t<div class=\"elementor-element elementor-element-b486f4c animated-slow e-flex e-con-boxed wpr-column-slider-no wpr-equal-height-no elementor-invisible e-con e-parent\" data-id=\"b486f4c\" data-element_type=\"container\" data-e-type=\"container\" data-settings=\"{&quot;animation&quot;:&quot;fadeIn&quot;,&quot;animation_mobile&quot;:&quot;none&quot;}\">\n\t\t\t\t\t<div class=\"e-con-inner\">\n\t\t\t\t<div class=\"elementor-element elementor-element-413c717 elementor-widget elementor-widget-image\" data-id=\"413c717\" data-element_type=\"widget\" data-e-type=\"widget\" data-widget_type=\"image.default\">\n\t\t\t\t<div class=\"elementor-widget-container\">\n\t\t\t\t\t\t\t\t\t\t\t\t\t\t\t<img decoding=\"async\" width=\"100\" height=\"100\" src=\"https:\/\/www.hotelgranodeoro.com\/wp-content\/uploads\/2025\/04\/icon-logo-deco.png\" class=\"attachment-full size-full wp-image-1864\" alt=\"\" \/>\t\t\t\t\t\t\t\t\t\t\t\t\t\t\t<\/div>\n\t\t\t\t<\/div>\n\t\t\t\t<div class=\"elementor-element elementor-element-7d9605d elementor-widget elementor-widget-heading\" data-id=\"7d9605d\" data-element_type=\"widget\" data-e-type=\"widget\" data-settings=\"{&quot;_animation&quot;:&quot;none&quot;}\" data-widget_type=\"heading.default\">\n\t\t\t\t<div class=\"elementor-widget-container\">\n\t\t\t\t\t<h2 class=\"elementor-heading-title elementor-size-default\">Reserva para restaurante<\/h2>\t\t\t\t<\/div>\n\t\t\t\t<\/div>\n\t\t\t\t<div class=\"elementor-element elementor-element-f9a04ad animated-slow elementor-widget-divider--view-line elementor-widget elementor-widget-divider\" data-id=\"f9a04ad\" data-element_type=\"widget\" data-e-type=\"widget\" data-settings=\"{&quot;_animation&quot;:&quot;none&quot;}\" data-widget_type=\"divider.default\">\n\t\t\t\t<div class=\"elementor-widget-container\">\n\t\t\t\t\t\t\t<div class=\"elementor-divider\">\n\t\t\t<span class=\"elementor-divider-separator\">\n\t\t\t\t\t\t<\/span>\n\t\t<\/div>\n\t\t\t\t\t\t<\/div>\n\t\t\t\t<\/div>\n\t\t\t\t\t<\/div>\n\t\t\t\t<\/div>\n\t\t<div class=\"elementor-element elementor-element-72801af animated-slow e-flex e-con-boxed wpr-column-slider-no wpr-equal-height-no elementor-invisible e-con e-parent\" data-id=\"72801af\" data-element_type=\"container\" data-e-type=\"container\" data-settings=\"{&quot;background_background&quot;:&quot;classic&quot;,&quot;animation&quot;:&quot;fadeIn&quot;,&quot;animation_mobile&quot;:&quot;none&quot;}\">\n\t\t\t\t\t<div class=\"e-con-inner\">\n\t\t\t\t<div class=\"elementor-element elementor-element-28fd3ce animated-slow elementor-widget elementor-widget-text-editor\" data-id=\"28fd3ce\" data-element_type=\"widget\" data-e-type=\"widget\" data-settings=\"{&quot;_animation&quot;:&quot;none&quot;}\" data-widget_type=\"text-editor.default\">\n\t\t\t\t<div class=\"elementor-widget-container\">\n\t\t\t\t\t\t\t\t\tEs un placer atenderle. Le agradecemos completar el siguiente formulario.  \nLe enviaremos la confirmaci\u00f3n a la mayor brevedad posible por correo electr\u00f3nico.\t\t\t\t\t\t\t\t<\/div>\n\t\t\t\t<\/div>\n\t\t\t\t<div class=\"elementor-element elementor-element-816672b animated-slow elementor-widget-divider--view-line elementor-widget elementor-widget-divider\" data-id=\"816672b\" data-element_type=\"widget\" data-e-type=\"widget\" data-settings=\"{&quot;_animation&quot;:&quot;none&quot;}\" data-widget_type=\"divider.default\">\n\t\t\t\t<div class=\"elementor-widget-container\">\n\t\t\t\t\t\t\t<div class=\"elementor-divider\">\n\t\t\t<span class=\"elementor-divider-separator\">\n\t\t\t\t\t\t<\/span>\n\t\t<\/div>\n\t\t\t\t\t\t<\/div>\n\t\t\t\t<\/div>\n\t\t<div class=\"elementor-element elementor-element-81ca1f5 e-con-full e-flex wpr-column-slider-no wpr-equal-height-no e-con e-child\" data-id=\"81ca1f5\" data-element_type=\"container\" data-e-type=\"container\">\n\t\t<div class=\"elementor-element elementor-element-f47ddcd e-con-full e-flex wpr-column-slider-no wpr-equal-height-no e-con e-child\" data-id=\"f47ddcd\" data-element_type=\"container\" data-e-type=\"container\">\n\t\t\t\t<div class=\"elementor-element elementor-element-99c4b97 elementor-widget-tablet__width-initial fluentform-widget-submit-button-custom elementor-widget elementor-widget-elementskit-fluent-forms\" data-id=\"99c4b97\" data-element_type=\"widget\" data-e-type=\"widget\" data-widget_type=\"elementskit-fluent-forms.default\">\n\t\t\t\t<div class=\"elementor-widget-container\">\n\t\t\t\t\t<div class=\"ekit-wid-con\">\n            <div class=\"fluentform-widget-wrapper hide-fluent-form-labels\">\n\n                \n                <div class='fluentform ff-default fluentform_wrapper_7 ffs_default_wrap'><form data-form_id=\"7\" id=\"fluentform_7\" class=\"frm-fluent-form fluent_form_7 ff-el-form-top ff_form_instance_7_1 ff-form-loading ffs_default\" data-form_instance=\"ff_form_instance_7_1\" method=\"POST\" ><fieldset  style=\"border: none!important;margin: 0!important;padding: 0!important;background-color: transparent!important;box-shadow: none!important;outline: none!important; min-inline-size: 100%;\">\n                    <legend class=\"ff_screen_reader_title\" style=\"display: block; margin: 0!important;padding: 0!important;height: 0!important;text-indent: -999999px;width: 0!important;overflow:hidden;\">Restaurante ES<\/legend><input type='hidden' name='__fluent_form_embded_post_id' value='6363' \/><input type=\"hidden\" id=\"_fluentform_7_fluentformnonce\" name=\"_fluentform_7_fluentformnonce\" value=\"60435e7155\" \/><input type=\"hidden\" name=\"_wp_http_referer\" value=\"\/es\/formulario-de-reservas-restaurante\/\" \/><div data-name=\"ff_cn_id_1\"  class='ff-t-container ff-column-container ff_columns_total_2 '><div class='ff-t-cell ff-t-column-1' style='flex-basis: 50%;'><div data-type=\"name-element\" data-name=\"names\" class=\" ff-field_container ff-name-field-wrapper\" ><div class='ff-t-container'><div class='ff-t-cell '><div class='ff-el-group'><div class=\"ff-el-input--label asterisk-right\"><label for='ff_7_names_first_name_' id='label_ff_7_names_first_name_' >Nombre completo<\/label><\/div><div class='ff-el-input--content'><input type=\"text\" name=\"names[first_name]\" id=\"ff_7_names_first_name_\" class=\"ff-el-form-control\" placeholder=\"Nombre completo\" aria-invalid=\"false\" aria-required=false><\/div><\/div><\/div><\/div><\/div><\/div><div class='ff-t-cell ff-t-column-2' style='flex-basis: 50%;'><div data-type=\"name-element\" data-name=\"names_2\" class=\" ff-field_container ff-name-field-wrapper\" ><div class='ff-t-container'><div class='ff-t-cell '><div class='ff-el-group'><div class=\"ff-el-input--label asterisk-right\"><label for='ff_7_names_2_first_name_' id='label_ff_7_names_2_first_name_' >N\u00famero telef\u00f3nico<\/label><\/div><div class='ff-el-input--content'><input type=\"text\" name=\"names_2[first_name]\" id=\"ff_7_names_2_first_name_\" class=\"ff-el-form-control\" placeholder=\"N\u00famero telef\u00f3nico\" aria-invalid=\"false\" aria-required=false><\/div><\/div><\/div><\/div><\/div><\/div><\/div><div data-name=\"ff_cn_id_2\"  class='ff-t-container ff-column-container ff_columns_total_2 '><div class='ff-t-cell ff-t-column-1' style='flex-basis: 50%;'><div class='ff-el-group'><div class=\"ff-el-input--label ff-el-is-required asterisk-right\"><label for='ff_7_email' id='label_ff_7_email' aria-label=\"Correo electr\u00f3nico\">Correo electr\u00f3nico<\/label><\/div><div class='ff-el-input--content'><input type=\"email\" name=\"email\" id=\"ff_7_email\" class=\"ff-el-form-control\" placeholder=\"Correo electr\u00f3nico\" data-name=\"email\"  aria-invalid=\"false\" aria-required=true><\/div><\/div><\/div><div class='ff-t-cell ff-t-column-2' style='flex-basis: 50%;'><div data-type=\"name-element\" data-name=\"names_1\" class=\" ff-field_container ff-name-field-wrapper\" ><div class='ff-t-container'><div class='ff-t-cell '><div class='ff-el-group'><div class=\"ff-el-input--label asterisk-right\"><label for='ff_7_names_1_first_name_' id='label_ff_7_names_1_first_name_' >Cantidad de personas<\/label><\/div><div class='ff-el-input--content'><input type=\"text\" name=\"names_1[first_name]\" id=\"ff_7_names_1_first_name_\" class=\"ff-el-form-control\" placeholder=\"Cantidad de personas\" aria-invalid=\"false\" aria-required=false><\/div><\/div><\/div><\/div><\/div><\/div><\/div><div data-name=\"ff_cn_id_3\"  class='ff-t-container ff-column-container ff_columns_total_2 '><div class='ff-t-cell ff-t-column-1' style='flex-basis: 50%;'><div class='ff-el-group'><div class=\"ff-el-input--label ff-el-is-required asterisk-right\"><label for='ff_7_datetime' id='label_ff_7_datetime' aria-label=\"Fecha\">Fecha<\/label><\/div><div class='ff-el-input--content'><input  aria-label='Fecha Usa las flechas para navegar por las fechas. Pulsa Intro para seleccionar una fecha.'  aria-haspopup='dialog' data-type-datepicker data-format='d-M-y' type=\"text\" name=\"datetime\" id=\"ff_7_datetime\" class=\"ff-el-form-control ff-el-datepicker\" placeholder=\"Fecha\" data-name=\"datetime\"  aria-invalid='false' aria-required=true><\/div><\/div><\/div><div class='ff-t-cell ff-t-column-2' style='flex-basis: 50%;'><div class='ff-el-group'><div class=\"ff-el-input--label ff-el-is-required asterisk-right\"><label for='ff_7_datetime_1' id='label_ff_7_datetime_1' aria-label=\"Hora\">Hora<\/label><\/div><div class='ff-el-input--content'><input  aria-label='Hora Usa las flechas para navegar por las fechas. Pulsa Intro para seleccionar una fecha.'  aria-haspopup='dialog' data-type-datepicker data-format='h:i K' type=\"text\" name=\"datetime_1\" id=\"ff_7_datetime_1\" class=\"ff-el-form-control ff-el-datepicker\" placeholder=\"Hora\" data-name=\"datetime_1\"  aria-invalid='false' aria-required=true><\/div><\/div><\/div><\/div><div class='ff-el-group ff-text-left ff_submit_btn_wrapper'><button type=\"submit\" class=\"ff-btn ff-btn-submit ff-btn-md ff_btn_style\"  aria-label=\"Enviar\">Enviar<\/button><\/div><\/fieldset><\/form><div id='fluentform_7_errors' class='ff-errors-in-stack ff_form_instance_7_1 ff-form-loading_errors ff_form_instance_7_1_errors'><\/div><\/div>            <script type=\"text\/javascript\">\n                window.fluent_form_ff_form_instance_7_1 = {\"id\":\"7\",\"ajaxUrl\":\"https:\\\/\\\/www.hotelgranodeoro.com\\\/wp-admin\\\/admin-ajax.php\",\"settings\":{\"layout\":{\"labelPlacement\":\"top\",\"asteriskPlacement\":\"asterisk-right\",\"helpMessagePlacement\":\"with_label\",\"errorMessagePlacement\":\"inline\",\"cssClassName\":\"\"},\"restrictions\":{\"denyEmptySubmission\":{\"enabled\":false}}},\"form_instance\":\"ff_form_instance_7_1\",\"form_id_selector\":\"fluentform_7\",\"rules\":{\"names[first_name]\":{\"required\":{\"value\":false,\"message\":\"Este campo es obligatorio\",\"global\":true,\"global_message\":\"This field is required\"}},\"names[middle_name]\":{\"required\":{\"value\":false,\"message\":\"Este campo es obligatorio\",\"global\":true,\"global_message\":\"This field is required\"}},\"names[last_name]\":{\"required\":{\"value\":false,\"message\":\"Este campo es obligatorio\",\"global\":true,\"global_message\":\"This field is required\"}},\"names_2[first_name]\":{\"required\":{\"value\":false,\"message\":\"Este campo es obligatorio\",\"global\":true,\"global_message\":\"This field is required\"}},\"names_2[middle_name]\":{\"required\":{\"value\":false,\"message\":\"Este campo es obligatorio\",\"global\":true,\"global_message\":\"This field is required\"}},\"names_2[last_name]\":{\"required\":{\"value\":false,\"message\":\"Este campo es obligatorio\",\"global\":true,\"global_message\":\"This field is required\"}},\"email\":{\"required\":{\"value\":true,\"message\":\"Este campo es obligatorio\",\"global\":true,\"global_message\":\"This field is required\"},\"email\":{\"value\":true,\"message\":\"Este campo debe contener un correo electr\\u00f3nico v\\u00e1lido\",\"global\":true,\"global_message\":\"This field must contain a valid email\"}},\"names_1[first_name]\":{\"required\":{\"value\":false,\"message\":\"Este campo es obligatorio\",\"global\":true,\"global_message\":\"This field is required\"}},\"names_1[middle_name]\":{\"required\":{\"value\":false,\"message\":\"Este campo es obligatorio\",\"global\":true,\"global_message\":\"This field is required\"}},\"names_1[last_name]\":{\"required\":{\"value\":false,\"message\":\"Este campo es obligatorio\",\"global\":true,\"global_message\":\"This field is required\"}},\"datetime\":{\"required\":{\"value\":true,\"message\":\"Este campo es obligatorio\",\"global_message\":\"This field is required\",\"global\":true}},\"datetime_1\":{\"required\":{\"value\":true,\"message\":\"Este campo es obligatorio\",\"global_message\":\"This field is required\",\"global\":true}}},\"debounce_time\":300};\n                            <\/script>\n                        <\/div>\n\n            <\/div>\t\t\t\t<\/div>\n\t\t\t\t<\/div>\n\t\t\t\t<\/div>\n\t\t\t\t<\/div>\n\t\t\t\t\t<\/div>\n\t\t\t\t<\/div>\n\t\t\t\t<\/div>\n\t\t","protected":false},"excerpt":{"rendered":"<p>Reserva para restaurante Es un placer atenderle. Le agradecemos completar el siguiente formulario. Le enviaremos la confirmaci\u00f3n a la mayor brevedad posible por correo electr\u00f3nico. Restaurante ES Nombre completoN\u00famero telef\u00f3nicoCorreo electr\u00f3nicoCantidad de personasFechaHoraEnviar<\/p>\n","protected":false},"author":1,"featured_media":0,"parent":0,"menu_order":0,"comment_status":"closed","ping_status":"closed","template":"elementor_header_footer","meta":{"footnotes":""},"class_list":["post-6363","page","type-page","status-publish","hentry"],"_links":{"self":[{"href":"https:\/\/www.hotelgranodeoro.com\/es\/wp-json\/wp\/v2\/pages\/6363","targetHints":{"allow":["GET"]}}],"collection":[{"href":"https:\/\/www.hotelgranodeoro.com\/es\/wp-json\/wp\/v2\/pages"}],"about":[{"href":"https:\/\/www.hotelgranodeoro.com\/es\/wp-json\/wp\/v2\/types\/page"}],"author":[{"embeddable":true,"href":"https:\/\/www.hotelgranodeoro.com\/es\/wp-json\/wp\/v2\/users\/1"}],"replies":[{"embeddable":true,"href":"https:\/\/www.hotelgranodeoro.com\/es\/wp-json\/wp\/v2\/comments?post=6363"}],"version-history":[{"count":23,"href":"https:\/\/www.hotelgranodeoro.com\/es\/wp-json\/wp\/v2\/pages\/6363\/revisions"}],"predecessor-version":[{"id":6404,"href":"https:\/\/www.hotelgranodeoro.com\/es\/wp-json\/wp\/v2\/pages\/6363\/revisions\/6404"}],"wp:attachment":[{"href":"https:\/\/www.hotelgranodeoro.com\/es\/wp-json\/wp\/v2\/media?parent=6363"}],"curies":[{"name":"wp","href":"https:\/\/api.w.org\/{rel}","templated":true}]}}